{"id":12163,"date":"2023-09-28T12:43:43","date_gmt":"2023-09-28T10:43:43","guid":{"rendered":"https:\/\/www.afapaucasalshorta.cat\/?page_id=12163"},"modified":"2024-10-17T12:01:53","modified_gmt":"2024-10-17T10:01:53","slug":"colla-gegantera","status":"publish","type":"page","link":"https:\/\/www.afapaucasalshorta.cat\/es\/colla-gegantera\/","title":{"rendered":"Colla Gegantera"},"content":{"rendered":"<div data-elementor-type=\"wp-page\" data-elementor-id=\"12163\" class=\"elementor elementor-12163\">\n\t\t\t\t\t\t<section class=\"elementor-section elementor-top-section elementor-element elementor-element-413de649 elementor-section-content-middle elementor-section-boxed elementor-section-height-default elementor-section-height-default\" data-id=\"413de649\" data-element_type=\"section\" data-e-type=\"section\" data-settings=\"{&quot;background_background&quot;:&quot;classic&quot;}\">\n\t\t\t\t\t\t<div class=\"elementor-container elementor-column-gap-no\">\n\t\t\t\t\t<div class=\"elementor-column elementor-col-100 elementor-top-column elementor-element elementor-element-a4ae551\" data-id=\"a4ae551\" data-element_type=\"column\" data-e-type=\"column\">\n\t\t\t<div class=\"elementor-widget-wrap\">\n\t\t\t\t\t\t\t<\/div>\n\t\t<\/div>\n\t\t\t\t\t<\/div>\n\t\t<\/section>\n\t\t\t\t<section class=\"elementor-section elementor-top-section elementor-element elementor-element-7c3fb4f5 elementor-section-boxed elementor-section-height-default elementor-section-height-default\" data-id=\"7c3fb4f5\" data-element_type=\"section\" data-e-type=\"section\">\n\t\t\t\t\t\t<div class=\"elementor-container elementor-column-gap-default\">\n\t\t\t\t\t<div class=\"elementor-column elementor-col-100 elementor-top-column elementor-element elementor-element-2b999800\" data-id=\"2b999800\" data-element_type=\"column\" data-e-type=\"column\">\n\t\t\t<div class=\"elementor-widget-wrap elementor-element-populated\">\n\t\t\t\t\t\t<div class=\"elementor-element elementor-element-fd385c7 elementor-widget elementor-widget-heading\" data-id=\"fd385c7\" data-element_type=\"widget\" data-e-type=\"widget\" data-widget_type=\"heading.default\">\n\t\t\t\t<div class=\"elementor-widget-container\">\n\t\t\t\t\t<h1 class=\"elementor-heading-title elementor-size-default\">Colla Gegantera<\/h1>\t\t\t\t<\/div>\n\t\t\t\t<\/div>\n\t\t\t\t<div class=\"elementor-element elementor-element-ad748f1 elementor-widget elementor-widget-heading\" data-id=\"ad748f1\" data-element_type=\"widget\" data-e-type=\"widget\" data-widget_type=\"heading.default\">\n\t\t\t\t<div class=\"elementor-widget-container\">\n\t\t\t\t\t<h2 class=\"elementor-heading-title elementor-size-default\">\u00bfQui\u00e9nes somos?<\/h2>\t\t\t\t<\/div>\n\t\t\t\t<\/div>\n\t\t\t\t<section class=\"elementor-section elementor-inner-section elementor-element elementor-element-5ab4d78 elementor-section-boxed elementor-section-height-default elementor-section-height-default\" data-id=\"5ab4d78\" data-element_type=\"section\" data-e-type=\"section\" data-settings=\"{&quot;animation&quot;:&quot;none&quot;}\">\n\t\t\t\t\t\t<div class=\"elementor-container elementor-column-gap-wide\">\n\t\t\t\t\t<div class=\"elementor-column elementor-col-33 elementor-inner-column elementor-element elementor-element-493bc2b\" data-id=\"493bc2b\" data-element_type=\"column\" data-e-type=\"column\">\n\t\t\t<div class=\"elementor-widget-wrap elementor-element-populated\">\n\t\t\t\t\t\t<div class=\"elementor-element elementor-element-bbe15d5 elementor-widget__width-initial elementor-widget elementor-widget-image\" data-id=\"bbe15d5\" data-element_type=\"widget\" data-e-type=\"widget\" data-widget_type=\"image.default\">\n\t\t\t\t<div class=\"elementor-widget-container\">\n\t\t\t\t\t\t\t\t\t\t\t\t\t\t\t<img decoding=\"async\" width=\"181\" height=\"182\" src=\"https:\/\/www.afapaucasalshorta.cat\/wp-content\/uploads\/2023\/10\/boto_colla-gegantera.png\" class=\"attachment-medium_large size-medium_large wp-image-12370\" alt=\"\" srcset=\"https:\/\/www.afapaucasalshorta.cat\/wp-content\/uploads\/2023\/10\/boto_colla-gegantera.png 181w, https:\/\/www.afapaucasalshorta.cat\/wp-content\/uploads\/2023\/10\/boto_colla-gegantera-150x150.png 150w, https:\/\/www.afapaucasalshorta.cat\/wp-content\/uploads\/2023\/10\/boto_colla-gegantera-12x12.png 12w\" sizes=\"(max-width: 181px) 100vw, 181px\" \/>\t\t\t\t\t\t\t\t\t\t\t\t\t\t\t<\/div>\n\t\t\t\t<\/div>\n\t\t\t\t\t<\/div>\n\t\t<\/div>\n\t\t\t\t<div class=\"elementor-column elementor-col-33 elementor-inner-column elementor-element elementor-element-b08dca7\" data-id=\"b08dca7\" data-element_type=\"column\" data-e-type=\"column\">\n\t\t\t<div class=\"elementor-widget-wrap elementor-element-populated\">\n\t\t\t\t\t\t<div class=\"elementor-element elementor-element-0afe171 elementor-widget elementor-widget-text-editor\" data-id=\"0afe171\" data-element_type=\"widget\" data-e-type=\"widget\" data-widget_type=\"text-editor.default\">\n\t\t\t\t<div class=\"elementor-widget-container\">\n\t\t\t\t\t\t\t\t\t<p style=\"text-align: left;\">\u00c0lex Pla<\/p><p style=\"text-align: left;\"><span style=\"text-align: center;\">Luc\u00eda Serrano<\/span><\/p><p style=\"text-align: left;\"><span style=\"color: var( --e-global-color-text ); text-align: center;\">Jorge\u00a0<\/span><span style=\"color: var( --e-global-color-text ); text-align: center;\">\u00a0<\/span><span style=\"color: var( --e-global-color-text ); text-align: center;\">Torres<\/span><\/p><p style=\"text-align: left;\"><span style=\"color: var( --e-global-color-text ); text-align: center;\">Marc P\u00e0mies<\/span><\/p><p style=\"text-align: left;\">Albert Coromines<\/p><p style=\"text-align: left;\">\u00a0<\/p>\t\t\t\t\t\t\t\t<\/div>\n\t\t\t\t<\/div>\n\t\t\t\t\t<\/div>\n\t\t<\/div>\n\t\t\t\t<div class=\"elementor-column elementor-col-33 elementor-inner-column elementor-element elementor-element-ab17613\" data-id=\"ab17613\" data-element_type=\"column\" data-e-type=\"column\">\n\t\t\t<div class=\"elementor-widget-wrap elementor-element-populated\">\n\t\t\t\t\t\t<div class=\"elementor-element elementor-element-09ae33b elementor-widget elementor-widget-text-editor\" data-id=\"09ae33b\" data-element_type=\"widget\" data-e-type=\"widget\" data-widget_type=\"text-editor.default\">\n\t\t\t\t<div class=\"elementor-widget-container\">\n\t\t\t\t\t\t\t\t\t<p style=\"text-align: left;\"><span style=\"color: var( --e-global-color-text ); text-align: center;\">Ricard Llorens<\/span><\/p><p style=\"text-align: left;\"><span style=\"color: var( --e-global-color-text ); text-align: center;\">Esme Fern\u00e1ndez<\/span><\/p><p style=\"text-align: left;\"><span style=\"color: var( --e-global-color-text ); text-align: center;\">Yolanda Mart\u00ednez<\/span><\/p><p style=\"text-align: left;\"><span style=\"color: var( --e-global-color-text ); text-align: center;\">Elena Quintanilla<\/span><\/p><p style=\"text-align: left;\">\u00a0<\/p>\t\t\t\t\t\t\t\t<\/div>\n\t\t\t\t<\/div>\n\t\t\t\t\t<\/div>\n\t\t<\/div>\n\t\t\t\t\t<\/div>\n\t\t<\/section>\n\t\t\t\t<div class=\"elementor-element elementor-element-1ea8058a elementor-widget__width-initial elementor-widget elementor-widget-text-editor\" data-id=\"1ea8058a\" data-element_type=\"widget\" data-e-type=\"widget\" data-widget_type=\"text-editor.default\">\n\t\t\t\t<div class=\"elementor-widget-container\">\n\t\t\t\t\t\t\t\t\t<p>La <strong>Colla Gegantera del Pau Casals<\/strong> se crea en septiembre de 2023, con la llegada al cole de una nueva \u201cgeganta\u201d, la <strong>Rosa<\/strong>, creada por un padre y una madre del cole, y la recuperaci\u00f3n del <strong>Pauet<\/strong>, un \u201cgegant\u201d  fabricado hace d\u00e9cadas por familias, y que estaba esperando su momento para poder salir a bailar.<\/p><p><strong>Rosa y Pauet<\/strong> son los gigantes de la escuela Pau Casals, y <strong>salen a bailar en las festividades del cole<\/strong> as\u00ed como en las del <strong>barrio<\/strong> y de la <strong>ciudad<\/strong>.<\/p><p>Actualmente, la Colla Gegantera del Pau Casals, la forman unes diez persones que colaboran y trabajan con el objetivo de fomentar una de las tradiciones catalanas m\u00e1s antiguas. <strong>La colla es un espacio de encuentro, familiar i diverso abierto a todo el mundo que est\u00e9 interesado en participar.<\/strong>.<\/p><p><strong>Si te apasionan los \u201cgegants\u201d, y quieres formar parte de esta colla<\/strong>, haci\u00e9ndolos bailar, pensando coreograf\u00edas o dirigi\u00e9ndolas, tocando alg\u00fan instrumento, o simplemente ayudando en lo que se necesite, no dudes en <strong>contactar con nosotros<\/strong>.<\/p>\t\t\t\t\t\t\t\t<\/div>\n\t\t\t\t<\/div>\n\t\t\t\t<div class=\"elementor-element elementor-element-209492f elementor-widget elementor-widget-heading\" data-id=\"209492f\" data-element_type=\"widget\" data-e-type=\"widget\" data-widget_type=\"heading.default\">\n\t\t\t\t<div class=\"elementor-widget-container\">\n\t\t\t\t\t<h2 class=\"elementor-heading-title elementor-size-default\">Contacto<\/h2>\t\t\t\t<\/div>\n\t\t\t\t<\/div>\n\t\t\t\t<div class=\"elementor-element elementor-element-5cfb059 elementor-widget elementor-widget-text-editor\" data-id=\"5cfb059\" data-element_type=\"widget\" data-e-type=\"widget\" data-widget_type=\"text-editor.default\">\n\t\t\t\t<div class=\"elementor-widget-container\">\n\t\t\t\t\t\t\t\t\t<p>Si quer\u00e9is formar parte de la colla enviadnos un mail a <a href=\"mailto:afa@afapaucasalshorta.cat\">afa@afapaucasalshorta.cat<\/a>.<\/p><p>\u00a1Os estamos esperando!<\/p>\t\t\t\t\t\t\t\t<\/div>\n\t\t\t\t<\/div>\n\t\t\t\t\t<\/div>\n\t\t<\/div>\n\t\t\t\t\t<\/div>\n\t\t<\/section>\n\t\t\t\t<\/div>","protected":false},"excerpt":{"rendered":"<p>Colla Gegantera Qui som? \u00c0lex Pla Luc\u00eda Serrano Jorge\u00a0\u00a0Torres Marc P\u00e0mies Albert Coromines \u00a0 Ricard Llorens Esme Fern\u00e1ndez Yolanda Mart\u00ednez Elena Quintanilla \u00a0 La Colla Gegantera del Pau Casals es crea el setembre de 2023, amb l\u2019arribada a l\u2019escola de la nova geganta, la Rosa, creada per un pare i una mare de l\u2019escola. A [&hellip;]<\/p>\n","protected":false},"author":3,"featured_media":124,"parent":0,"menu_order":0,"comment_status":"closed","ping_status":"closed","template":"","meta":{"_eb_attr":"","_monsterinsights_skip_tracking":false,"_monsterinsights_sitenote_active":false,"_monsterinsights_sitenote_note":"","_monsterinsights_sitenote_category":0,"footnotes":""},"class_list":["post-12163","page","type-page","status-publish","has-post-thumbnail","hentry"],"_links":{"self":[{"href":"https:\/\/www.afapaucasalshorta.cat\/es\/wp-json\/wp\/v2\/pages\/12163","targetHints":{"allow":["GET"]}}],"collection":[{"href":"https:\/\/www.afapaucasalshorta.cat\/es\/wp-json\/wp\/v2\/pages"}],"about":[{"href":"https:\/\/www.afapaucasalshorta.cat\/es\/wp-json\/wp\/v2\/types\/page"}],"author":[{"embeddable":true,"href":"https:\/\/www.afapaucasalshorta.cat\/es\/wp-json\/wp\/v2\/users\/3"}],"replies":[{"embeddable":true,"href":"https:\/\/www.afapaucasalshorta.cat\/es\/wp-json\/wp\/v2\/comments?post=12163"}],"version-history":[{"count":22,"href":"https:\/\/www.afapaucasalshorta.cat\/es\/wp-json\/wp\/v2\/pages\/12163\/revisions"}],"predecessor-version":[{"id":15032,"href":"https:\/\/www.afapaucasalshorta.cat\/es\/wp-json\/wp\/v2\/pages\/12163\/revisions\/15032"}],"wp:featuredmedia":[{"embeddable":true,"href":"https:\/\/www.afapaucasalshorta.cat\/es\/wp-json\/wp\/v2\/media\/124"}],"wp:attachment":[{"href":"https:\/\/www.afapaucasalshorta.cat\/es\/wp-json\/wp\/v2\/media?parent=12163"}],"curies":[{"name":"wp","href":"https:\/\/api.w.org\/{rel}","templated":true}]}}