{"id":123,"date":"2019-09-10T09:08:07","date_gmt":"2019-09-10T07:08:07","guid":{"rendered":"https:\/\/www.afapaucasalshorta.cat\/?page_id=123"},"modified":"2024-11-27T09:45:19","modified_gmt":"2024-11-27T08:45:19","slug":"comunicacio","status":"publish","type":"page","link":"https:\/\/www.afapaucasalshorta.cat\/es\/comunicacio\/","title":{"rendered":"Comunicaci\u00f3n"},"content":{"rendered":"<div data-elementor-type=\"wp-page\" data-elementor-id=\"123\" class=\"elementor elementor-123\">\n\t\t\t\t\t\t<section class=\"elementor-section elementor-top-section elementor-element elementor-element-413de649 elementor-section-content-middle elementor-section-boxed elementor-section-height-default elementor-section-height-default\" data-id=\"413de649\" data-element_type=\"section\" data-e-type=\"section\" data-settings=\"{&quot;background_background&quot;:&quot;classic&quot;}\">\n\t\t\t\t\t\t<div class=\"elementor-container elementor-column-gap-no\">\n\t\t\t\t\t<div class=\"elementor-column elementor-col-100 elementor-top-column elementor-element elementor-element-a4ae551\" data-id=\"a4ae551\" data-element_type=\"column\" data-e-type=\"column\">\n\t\t\t<div class=\"elementor-widget-wrap\">\n\t\t\t\t\t\t\t<\/div>\n\t\t<\/div>\n\t\t\t\t\t<\/div>\n\t\t<\/section>\n\t\t\t\t<section class=\"elementor-section elementor-top-section elementor-element elementor-element-7c3fb4f5 elementor-section-boxed elementor-section-height-default elementor-section-height-default\" data-id=\"7c3fb4f5\" data-element_type=\"section\" data-e-type=\"section\">\n\t\t\t\t\t\t<div class=\"elementor-container elementor-column-gap-default\">\n\t\t\t\t\t<div class=\"elementor-column elementor-col-100 elementor-top-column elementor-element elementor-element-2b999800\" data-id=\"2b999800\" data-element_type=\"column\" data-e-type=\"column\">\n\t\t\t<div class=\"elementor-widget-wrap elementor-element-populated\">\n\t\t\t\t\t\t<div class=\"elementor-element elementor-element-fd385c7 elementor-widget elementor-widget-heading\" data-id=\"fd385c7\" data-element_type=\"widget\" data-e-type=\"widget\" data-widget_type=\"heading.default\">\n\t\t\t\t<div class=\"elementor-widget-container\">\n\t\t\t\t\t<h1 class=\"elementor-heading-title elementor-size-default\">Comisi\u00f3n de comunicaci\u00f3n<\/h1>\t\t\t\t<\/div>\n\t\t\t\t<\/div>\n\t\t\t\t<div class=\"elementor-element elementor-element-ad748f1 elementor-widget elementor-widget-heading\" data-id=\"ad748f1\" data-element_type=\"widget\" data-e-type=\"widget\" data-widget_type=\"heading.default\">\n\t\t\t\t<div class=\"elementor-widget-container\">\n\t\t\t\t\t<h2 class=\"elementor-heading-title elementor-size-default\">\u00bfQui\u00e9nes somos?<\/h2>\t\t\t\t<\/div>\n\t\t\t\t<\/div>\n\t\t\t\t<section class=\"elementor-section elementor-inner-section elementor-element elementor-element-49f793b elementor-section-boxed elementor-section-height-default elementor-section-height-default\" data-id=\"49f793b\" data-element_type=\"section\" data-e-type=\"section\" data-settings=\"{&quot;animation&quot;:&quot;none&quot;}\">\n\t\t\t\t\t\t<div class=\"elementor-container elementor-column-gap-wide\">\n\t\t\t\t\t<div class=\"elementor-column elementor-col-50 elementor-inner-column elementor-element elementor-element-3f87da9\" data-id=\"3f87da9\" data-element_type=\"column\" data-e-type=\"column\">\n\t\t\t<div class=\"elementor-widget-wrap elementor-element-populated\">\n\t\t\t\t\t\t<div class=\"elementor-element elementor-element-79042c1 elementor-widget__width-initial elementor-widget elementor-widget-image\" data-id=\"79042c1\" data-element_type=\"widget\" data-e-type=\"widget\" data-widget_type=\"image.default\">\n\t\t\t\t<div class=\"elementor-widget-container\">\n\t\t\t\t\t\t\t\t\t\t\t\t\t\t\t<img decoding=\"async\" width=\"181\" height=\"182\" src=\"https:\/\/www.afapaucasalshorta.cat\/wp-content\/uploads\/2023\/10\/boto_comunicacio.png\" class=\"attachment-medium_large size-medium_large wp-image-12371\" alt=\"\" srcset=\"https:\/\/www.afapaucasalshorta.cat\/wp-content\/uploads\/2023\/10\/boto_comunicacio.png 181w, https:\/\/www.afapaucasalshorta.cat\/wp-content\/uploads\/2023\/10\/boto_comunicacio-150x150.png 150w, https:\/\/www.afapaucasalshorta.cat\/wp-content\/uploads\/2023\/10\/boto_comunicacio-12x12.png 12w\" sizes=\"(max-width: 181px) 100vw, 181px\" \/>\t\t\t\t\t\t\t\t\t\t\t\t\t\t\t<\/div>\n\t\t\t\t<\/div>\n\t\t\t\t\t<\/div>\n\t\t<\/div>\n\t\t\t\t<div class=\"elementor-column elementor-col-50 elementor-inner-column elementor-element elementor-element-1e03513\" data-id=\"1e03513\" data-element_type=\"column\" data-e-type=\"column\">\n\t\t\t<div class=\"elementor-widget-wrap elementor-element-populated\">\n\t\t\t\t\t\t<div class=\"elementor-element elementor-element-5aa5db7 elementor-widget elementor-widget-text-editor\" data-id=\"5aa5db7\" data-element_type=\"widget\" data-e-type=\"widget\" data-widget_type=\"text-editor.default\">\n\t\t\t\t<div class=\"elementor-widget-container\">\n\t\t\t\t\t\t\t\t\t<p style=\"text-align: left;\">\u00a0<\/p><p style=\"text-align: left;\"><span style=\"text-align: center;\">Ana G\u00f3mez<\/span><\/p><p style=\"text-align: left;\"><span style=\"color: var( --e-global-color-text );\">Elena Lacort<\/span><\/p><p style=\"text-align: left;\">Elena\u00a0 Quintanilla<\/p>\t\t\t\t\t\t\t\t<\/div>\n\t\t\t\t<\/div>\n\t\t\t\t\t<\/div>\n\t\t<\/div>\n\t\t\t\t\t<\/div>\n\t\t<\/section>\n\t\t\t\t<div class=\"elementor-element elementor-element-1ea8058a elementor-widget elementor-widget-text-editor\" data-id=\"1ea8058a\" data-element_type=\"widget\" data-e-type=\"widget\" data-widget_type=\"text-editor.default\">\n\t\t\t\t<div class=\"elementor-widget-container\">\n\t\t\t\t\t\t\t\t\t<p>La comisi\u00f3n de comunicaci\u00f3n se encarga de gestionar la comunicaci\u00f3n entre la escuela y las familias para que se sientan bien informadas de las actividades, reuniones y acuerdos, generando contenidos de inter\u00e9s en los diferentes canales de comunicaci\u00f3n.<\/p><p>Adem\u00e1s, tambi\u00e9n son el nexo de uni\u00f3n entre las diversas comisiones de trabajo, facilitando as\u00ed, una transversalidad comunicativa entre todos los proyectos del AFA.<\/p><p>Por otro lado, tambi\u00e9n trabaja para establecer contactos y relaciones con otras asociaciones y movimientos reivindicativos del entorno escolar.<\/p>\t\t\t\t\t\t\t\t<\/div>\n\t\t\t\t<\/div>\n\t\t\t\t<div class=\"elementor-element elementor-element-743b4f9 elementor-widget elementor-widget-heading\" data-id=\"743b4f9\" data-element_type=\"widget\" data-e-type=\"widget\" data-widget_type=\"heading.default\">\n\t\t\t\t<div class=\"elementor-widget-container\">\n\t\t\t\t\t<h2 class=\"elementor-heading-title elementor-size-default\">\u00bfQu\u00e9 hacemos?<\/h2>\t\t\t\t<\/div>\n\t\t\t\t<\/div>\n\t\t\t\t<div class=\"elementor-element elementor-element-3e7b89a elementor-widget elementor-widget-text-editor\" data-id=\"3e7b89a\" data-element_type=\"widget\" data-e-type=\"widget\" data-widget_type=\"text-editor.default\">\n\t\t\t\t<div class=\"elementor-widget-container\">\n\t\t\t\t\t\t\t\t\t<p>La comisi\u00f3n de comunicaci\u00f3n se encarga de:<\/p><ul><li><p>Actualizar y renovar la web del AFA para hacerla m\u00e1s amigable para los usuarios. Esto se ha hecho mediante una reestructuraci\u00f3n de contenidos y eliminando informaciones obsoletas.<\/p><\/li><li><p>Crear y gestionar las noticias publicadas en la web del AFA.<\/p><\/li><li><p>Redes sociales: dinamizar los  perfiles de Twitter, Facebook, Instagram y Telegram para facilitar la difusi\u00f3n de informaci\u00f3n entre las familias, el AFA y la escuela. Queremos usar estos medios para informar de manera inmediata y eficiente a las familias en temas relativos al AFA y a la escuela.<\/p><\/li><\/ul><p>Adem\u00e1s de las tareas habituales de comunicaci\u00f3n, la comisi\u00f3n tambi\u00e9n est\u00e1 haciendo especial difusi\u00f3n de temas como por ejemplo la reivindicaci\u00f3n de la jornada continua, la difusi\u00f3n de informaci\u00f3n para fomentar la educaci\u00f3n en igualdad de oportunidades entre ni\u00f1os y ni\u00f1as y la reivindicaci\u00f3n de medidas para mejorar la limpieza y la seguridad en el entorno escolar.<\/p>\t\t\t\t\t\t\t\t<\/div>\n\t\t\t\t<\/div>\n\t\t\t\t<div class=\"elementor-element elementor-element-209492f elementor-widget elementor-widget-heading\" data-id=\"209492f\" data-element_type=\"widget\" data-e-type=\"widget\" data-widget_type=\"heading.default\">\n\t\t\t\t<div class=\"elementor-widget-container\">\n\t\t\t\t\t<h2 class=\"elementor-heading-title elementor-size-default\">Contacto<\/h2>\t\t\t\t<\/div>\n\t\t\t\t<\/div>\n\t\t\t\t<div class=\"elementor-element elementor-element-5cfb059 elementor-widget elementor-widget-text-editor\" data-id=\"5cfb059\" data-element_type=\"widget\" data-e-type=\"widget\" data-widget_type=\"text-editor.default\">\n\t\t\t\t<div class=\"elementor-widget-container\">\n\t\t\t\t\t\t\t\t\t<p>Si quer\u00e9is participar en la comisi\u00f3n, ten\u00e9is alguna propuesta o quer\u00e9is resolver alguna duda, enviadnos un mail a <a href=\"mailto:afa@afapaucasalshorta.cat\">afa@afapaucasalshorta.cat<\/a>.<\/p><p>\u00a1Os estamos esperando!<\/p>\t\t\t\t\t\t\t\t<\/div>\n\t\t\t\t<\/div>\n\t\t\t\t\t<\/div>\n\t\t<\/div>\n\t\t\t\t\t<\/div>\n\t\t<\/section>\n\t\t\t\t<\/div>","protected":false},"excerpt":{"rendered":"<p>Comissi\u00f3 de comunicaci\u00f3 Qui som? \u00a0 Ana G\u00f3mez Elena Lacort Elena\u00a0 Quintanilla La comissi\u00f3 de comunicaci\u00f3 \u00e9s l\u2019encarregada de gestionar la comunicaci\u00f3 entre l\u2019escola i les fam\u00edlies per tal que estiguin i se sentin ben informades de les activitats, reunions i acords realitzats, generant continguts d\u2019inter\u00e8s als diferents canals de comunicaci\u00f3. A m\u00e9s a m\u00e9s, [&hellip;]<\/p>\n","protected":false},"author":1,"featured_media":124,"parent":0,"menu_order":0,"comment_status":"closed","ping_status":"closed","template":"","meta":{"_eb_attr":"","_monsterinsights_skip_tracking":false,"_monsterinsights_sitenote_active":false,"_monsterinsights_sitenote_note":"","_monsterinsights_sitenote_category":0,"footnotes":""},"class_list":["post-123","page","type-page","status-publish","has-post-thumbnail","hentry"],"_links":{"self":[{"href":"https:\/\/www.afapaucasalshorta.cat\/es\/wp-json\/wp\/v2\/pages\/123","targetHints":{"allow":["GET"]}}],"collection":[{"href":"https:\/\/www.afapaucasalshorta.cat\/es\/wp-json\/wp\/v2\/pages"}],"about":[{"href":"https:\/\/www.afapaucasalshorta.cat\/es\/wp-json\/wp\/v2\/types\/page"}],"author":[{"embeddable":true,"href":"https:\/\/www.afapaucasalshorta.cat\/es\/wp-json\/wp\/v2\/users\/1"}],"replies":[{"embeddable":true,"href":"https:\/\/www.afapaucasalshorta.cat\/es\/wp-json\/wp\/v2\/comments?post=123"}],"version-history":[{"count":70,"href":"https:\/\/www.afapaucasalshorta.cat\/es\/wp-json\/wp\/v2\/pages\/123\/revisions"}],"predecessor-version":[{"id":15063,"href":"https:\/\/www.afapaucasalshorta.cat\/es\/wp-json\/wp\/v2\/pages\/123\/revisions\/15063"}],"wp:featuredmedia":[{"embeddable":true,"href":"https:\/\/www.afapaucasalshorta.cat\/es\/wp-json\/wp\/v2\/media\/124"}],"wp:attachment":[{"href":"https:\/\/www.afapaucasalshorta.cat\/es\/wp-json\/wp\/v2\/media?parent=123"}],"curies":[{"name":"wp","href":"https:\/\/api.w.org\/{rel}","templated":true}]}}