{"id":1506,"date":"2021-12-21T13:43:17","date_gmt":"2021-12-21T12:43:17","guid":{"rendered":"https:\/\/www.afapaucasalshorta.cat\/?page_id=1506"},"modified":"2024-10-17T12:05:21","modified_gmt":"2024-10-17T10:05:21","slug":"economica","status":"publish","type":"page","link":"https:\/\/www.afapaucasalshorta.cat\/es\/economica\/","title":{"rendered":"Econ\u00f3mica"},"content":{"rendered":"<div data-elementor-type=\"wp-page\" data-elementor-id=\"1506\" class=\"elementor elementor-1506\">\n\t\t\t\t\t\t<section class=\"elementor-section elementor-top-section elementor-element elementor-element-2c0c2f3a elementor-section-content-middle elementor-section-boxed elementor-section-height-default elementor-section-height-default\" data-id=\"2c0c2f3a\" data-element_type=\"section\" data-e-type=\"section\" data-settings=\"{&quot;background_background&quot;:&quot;classic&quot;}\">\n\t\t\t\t\t\t<div class=\"elementor-container elementor-column-gap-no\">\n\t\t\t\t\t<div class=\"elementor-column elementor-col-100 elementor-top-column elementor-element elementor-element-466d265b\" data-id=\"466d265b\" data-element_type=\"column\" data-e-type=\"column\">\n\t\t\t<div class=\"elementor-widget-wrap\">\n\t\t\t\t\t\t\t<\/div>\n\t\t<\/div>\n\t\t\t\t\t<\/div>\n\t\t<\/section>\n\t\t\t\t<section class=\"elementor-section elementor-top-section elementor-element elementor-element-674323ae elementor-section-boxed elementor-section-height-default elementor-section-height-default\" data-id=\"674323ae\" data-element_type=\"section\" data-e-type=\"section\">\n\t\t\t\t\t\t<div class=\"elementor-container elementor-column-gap-default\">\n\t\t\t\t\t<div class=\"elementor-column elementor-col-100 elementor-top-column elementor-element elementor-element-1b4966ed\" data-id=\"1b4966ed\" data-element_type=\"column\" data-e-type=\"column\">\n\t\t\t<div class=\"elementor-widget-wrap elementor-element-populated\">\n\t\t\t\t\t\t<div class=\"elementor-element elementor-element-1d96abc8 elementor-widget elementor-widget-heading\" data-id=\"1d96abc8\" data-element_type=\"widget\" data-e-type=\"widget\" data-widget_type=\"heading.default\">\n\t\t\t\t<div class=\"elementor-widget-container\">\n\t\t\t\t\t<h1 class=\"elementor-heading-title elementor-size-default\">Comisi\u00f3n econ\u00f3mica<\/h1>\t\t\t\t<\/div>\n\t\t\t\t<\/div>\n\t\t\t\t<div class=\"elementor-element elementor-element-3232d25c elementor-widget elementor-widget-heading\" data-id=\"3232d25c\" data-element_type=\"widget\" data-e-type=\"widget\" data-widget_type=\"heading.default\">\n\t\t\t\t<div class=\"elementor-widget-container\">\n\t\t\t\t\t<h2 class=\"elementor-heading-title elementor-size-default\">\u00bfQui\u00e9nes somos?<\/h2>\t\t\t\t<\/div>\n\t\t\t\t<\/div>\n\t\t\t\t<section class=\"elementor-section elementor-inner-section elementor-element elementor-element-8821563 elementor-section-boxed elementor-section-height-default elementor-section-height-default\" data-id=\"8821563\" data-element_type=\"section\" data-e-type=\"section\" data-settings=\"{&quot;animation&quot;:&quot;none&quot;}\">\n\t\t\t\t\t\t<div class=\"elementor-container elementor-column-gap-wide\">\n\t\t\t\t\t<div class=\"elementor-column elementor-col-50 elementor-inner-column elementor-element elementor-element-fe60606\" data-id=\"fe60606\" data-element_type=\"column\" data-e-type=\"column\">\n\t\t\t<div class=\"elementor-widget-wrap elementor-element-populated\">\n\t\t\t\t\t\t<div class=\"elementor-element elementor-element-155ff8c elementor-widget__width-initial elementor-widget elementor-widget-image\" data-id=\"155ff8c\" data-element_type=\"widget\" data-e-type=\"widget\" data-widget_type=\"image.default\">\n\t\t\t\t<div class=\"elementor-widget-container\">\n\t\t\t\t\t\t\t\t\t\t\t\t\t\t\t<img decoding=\"async\" width=\"181\" height=\"182\" src=\"https:\/\/www.afapaucasalshorta.cat\/wp-content\/uploads\/2023\/10\/boto_economica.png\" class=\"attachment-medium_large size-medium_large wp-image-12372\" alt=\"\" srcset=\"https:\/\/www.afapaucasalshorta.cat\/wp-content\/uploads\/2023\/10\/boto_economica.png 181w, https:\/\/www.afapaucasalshorta.cat\/wp-content\/uploads\/2023\/10\/boto_economica-150x150.png 150w, https:\/\/www.afapaucasalshorta.cat\/wp-content\/uploads\/2023\/10\/boto_economica-12x12.png 12w\" sizes=\"(max-width: 181px) 100vw, 181px\" \/>\t\t\t\t\t\t\t\t\t\t\t\t\t\t\t<\/div>\n\t\t\t\t<\/div>\n\t\t\t\t\t<\/div>\n\t\t<\/div>\n\t\t\t\t<div class=\"elementor-column elementor-col-50 elementor-inner-column elementor-element elementor-element-167844e\" data-id=\"167844e\" data-element_type=\"column\" data-e-type=\"column\">\n\t\t\t<div class=\"elementor-widget-wrap elementor-element-populated\">\n\t\t\t\t\t\t<div class=\"elementor-element elementor-element-e7e9010 elementor-widget elementor-widget-text-editor\" data-id=\"e7e9010\" data-element_type=\"widget\" data-e-type=\"widget\" data-widget_type=\"text-editor.default\">\n\t\t\t\t<div class=\"elementor-widget-container\">\n\t\t\t\t\t\t\t\t\t<p style=\"text-align: left;\">Carlos Barrios<\/p>\t\t\t\t\t\t\t\t<\/div>\n\t\t\t\t<\/div>\n\t\t\t\t\t<\/div>\n\t\t<\/div>\n\t\t\t\t\t<\/div>\n\t\t<\/section>\n\t\t\t\t<div class=\"elementor-element elementor-element-76caf603 elementor-widget elementor-widget-text-editor\" data-id=\"76caf603\" data-element_type=\"widget\" data-e-type=\"widget\" data-widget_type=\"text-editor.default\">\n\t\t\t\t<div class=\"elementor-widget-container\">\n\t\t\t\t\t\t\t\t\t<p>Las madres y padres que pertenecemos a la comisi\u00f3n econ\u00f3mica <strong>gestionamos el fondo del AFA<\/strong> en base a las decisiones tomadas en las reuniones. Este fondo proviene mayoritariamente de la <strong>cuota anual<\/strong>.<\/p><p>Otra manera de obtener fondos es a trav\u00e9s de las diferentes subvenciones que se pueden solicitar. As\u00ed pues, dentro de la comisi\u00f3n econ\u00f3mica tambi\u00e9n hay una <strong>secci\u00f3n de subvenciones<\/strong> que se encarga <strong>de conseguir las ayudas del Ayuntamien<\/strong><b>t<\/b> y busca colaboraciones con comercios y establecimientos del barrio que puedan beneficiar a las familias asociadas.<\/p>\t\t\t\t\t\t\t\t<\/div>\n\t\t\t\t<\/div>\n\t\t\t\t<div class=\"elementor-element elementor-element-239c13e6 elementor-widget elementor-widget-heading\" data-id=\"239c13e6\" data-element_type=\"widget\" data-e-type=\"widget\" data-widget_type=\"heading.default\">\n\t\t\t\t<div class=\"elementor-widget-container\">\n\t\t\t\t\t<h2 class=\"elementor-heading-title elementor-size-default\">\u00bfQu\u00e9 hacemos?<\/h2>\t\t\t\t<\/div>\n\t\t\t\t<\/div>\n\t\t\t\t<div class=\"elementor-element elementor-element-681e9f16 elementor-widget elementor-widget-text-editor\" data-id=\"681e9f16\" data-element_type=\"widget\" data-e-type=\"widget\" data-widget_type=\"text-editor.default\">\n\t\t\t\t<div class=\"elementor-widget-container\">\n\t\t\t\t\t\t\t\t\t<p><span style=\"font-weight: 400;\">La comisi\u00f3n econ\u00f3mica desarrolla diversas tareas que influyen en toda la actividad de la asociaci\u00f3n. Entre \u00e9stas podemos destacar las siguientes:<\/span><\/p><ul><li><p><span style=\"font-weight: 400;\"><strong>Recaudar y administrar los fondos del AFA<\/strong>. Los pagos que se realizan a trav\u00e9s del AFA siempre est\u00e1n acordados por la Junta o por la Asamblea.<\/span><\/p><\/li><li><p><span style=\"font-weight: 400;\"><strong>Gestionar la contabilidad<\/strong> con total transparencia.<\/span><\/p><\/li><li><p><span style=\"font-weight: 400;\"><strong>Realizar reuniones con la escuela para conocer las necesidades<\/strong> del centro y, valorar de qu\u00e9 manera podemos ayudar.<\/span><\/p><\/li><li><p><span style=\"font-weight: 400;\"><strong>Trabajar, codo con codo, con el resto de comisiones del AFA<\/strong>, y canalizar las demandas econ\u00f3micas que soliciten.<\/span><\/p><\/li><li><p><span style=\"font-weight: 400;\"><strong>Seleccionar, solicitar y presentar memorias de subvenciones y ayudas<\/strong>\u00a0al Ayuntamiento de Barcelona. Y, posteriormente, hacer el seguimiento de las mismas.<\/span><\/p><\/li><li><p><span style=\"font-weight: 400;\">Crear col\u00b7laboracions amb els comer\u00e7os i establiments del barri.e<\/span><\/p><\/li><\/ul>\t\t\t\t\t\t\t\t<\/div>\n\t\t\t\t<\/div>\n\t\t\t\t<div class=\"elementor-element elementor-element-61659a99 elementor-widget elementor-widget-heading\" data-id=\"61659a99\" data-element_type=\"widget\" data-e-type=\"widget\" data-widget_type=\"heading.default\">\n\t\t\t\t<div class=\"elementor-widget-container\">\n\t\t\t\t\t<h2 class=\"elementor-heading-title elementor-size-default\">Contacto<\/h2>\t\t\t\t<\/div>\n\t\t\t\t<\/div>\n\t\t\t\t<div class=\"elementor-element elementor-element-77b06ec7 elementor-widget elementor-widget-text-editor\" data-id=\"77b06ec7\" data-element_type=\"widget\" data-e-type=\"widget\" data-widget_type=\"text-editor.default\">\n\t\t\t\t<div class=\"elementor-widget-container\">\n\t\t\t\t\t\t\t\t\t<p>Si quer\u00e9is participar en la comisi\u00f3n, ten\u00e9is alguna propuesta o quer\u00e9is resolver alguna duda, enviadnos un mail a <a href=\"mailto:afa@afapaucasalshorta.cat\">afa@afapaucasalshorta.cat<\/a>.<\/p><p>\u00a1Os estamos esperando!<\/p>\t\t\t\t\t\t\t\t<\/div>\n\t\t\t\t<\/div>\n\t\t\t\t\t<\/div>\n\t\t<\/div>\n\t\t\t\t\t<\/div>\n\t\t<\/section>\n\t\t\t\t<\/div>","protected":false},"excerpt":{"rendered":"<p>Comissi\u00f3 Econ\u00f2mica Qui som? Carlos Barrios Les mares i pares que pertanyem a la comissi\u00f3 econ\u00f2mica gestionem el fons de l\u2019AFA en base a les decisions preses a les reunions. Aquest fons prov\u00e9 majorit\u00e0riament de la quota anual. Una altre manera d\u2019obtenir fons \u00e9s a trav\u00e9s de les diferents subvencions que es poden demanar. Aix\u00ed [&hellip;]<\/p>\n","protected":false},"author":3,"featured_media":0,"parent":0,"menu_order":0,"comment_status":"closed","ping_status":"closed","template":"","meta":{"_eb_attr":"","_monsterinsights_skip_tracking":false,"_monsterinsights_sitenote_active":false,"_monsterinsights_sitenote_note":"","_monsterinsights_sitenote_category":0,"footnotes":""},"class_list":["post-1506","page","type-page","status-publish","hentry"],"_links":{"self":[{"href":"https:\/\/www.afapaucasalshorta.cat\/es\/wp-json\/wp\/v2\/pages\/1506","targetHints":{"allow":["GET"]}}],"collection":[{"href":"https:\/\/www.afapaucasalshorta.cat\/es\/wp-json\/wp\/v2\/pages"}],"about":[{"href":"https:\/\/www.afapaucasalshorta.cat\/es\/wp-json\/wp\/v2\/types\/page"}],"author":[{"embeddable":true,"href":"https:\/\/www.afapaucasalshorta.cat\/es\/wp-json\/wp\/v2\/users\/3"}],"replies":[{"embeddable":true,"href":"https:\/\/www.afapaucasalshorta.cat\/es\/wp-json\/wp\/v2\/comments?post=1506"}],"version-history":[{"count":71,"href":"https:\/\/www.afapaucasalshorta.cat\/es\/wp-json\/wp\/v2\/pages\/1506\/revisions"}],"predecessor-version":[{"id":15035,"href":"https:\/\/www.afapaucasalshorta.cat\/es\/wp-json\/wp\/v2\/pages\/1506\/revisions\/15035"}],"wp:attachment":[{"href":"https:\/\/www.afapaucasalshorta.cat\/es\/wp-json\/wp\/v2\/media?parent=1506"}],"curies":[{"name":"wp","href":"https:\/\/api.w.org\/{rel}","templated":true}]}}