{"id":2,"date":"2019-05-23T11:59:29","date_gmt":"2019-05-23T09:59:29","guid":{"rendered":"http:\/\/afapaucasals.cat\/?page_id=2"},"modified":"2021-12-03T19:18:20","modified_gmt":"2021-12-03T18:18:20","slug":"qui-som","status":"publish","type":"page","link":"https:\/\/www.afapaucasalshorta.cat\/es\/qui-som\/","title":{"rendered":"\u00bfQui\u00e9nes somos?"},"content":{"rendered":"<div data-elementor-type=\"wp-page\" data-elementor-id=\"2\" class=\"elementor elementor-2\">\n\t\t\t\t\t\t<section class=\"elementor-section elementor-top-section elementor-element elementor-element-1ed41da9 elementor-section-boxed elementor-section-height-default elementor-section-height-default\" data-id=\"1ed41da9\" data-element_type=\"section\" data-e-type=\"section\">\n\t\t\t\t\t\t<div class=\"elementor-container elementor-column-gap-default\">\n\t\t\t\t\t<div class=\"elementor-column elementor-col-100 elementor-top-column elementor-element elementor-element-6ac0b6b1\" data-id=\"6ac0b6b1\" data-element_type=\"column\" data-e-type=\"column\">\n\t\t\t<div class=\"elementor-widget-wrap elementor-element-populated\">\n\t\t\t\t\t\t<div class=\"elementor-element elementor-element-4b71531 elementor-widget elementor-widget-text-editor\" data-id=\"4b71531\" data-element_type=\"widget\" data-e-type=\"widget\" data-widget_type=\"text-editor.default\">\n\t\t\t\t<div class=\"elementor-widget-container\">\n\t\t\t\t\t\t\t\t\t<p>El AFA Pau Casals es una asociaci\u00f3n voluntaria de familias que participamos activamente en las actividades educativas de la escuela. Trabajamos en estrecha colaboraci\u00f3n con la direcci\u00f3n y los maestros para hacer crecer el proyecto educativo y contribuir a construir la mejor escuela posible para nuestros hijos e hijas.<\/p>\n<div class=\"team-member\">\n<div class=\"wpb_text_column wpb_content_element vc_custom_1488960968461\">\n<div class=\"wpb_wrapper\">\n<p class=\"team-member-info\" style=\"text-align: center;\"><img decoding=\"async\" class=\"vc_single_image-img attachment-thumbnail aligncenter\" style=\"color: initial;\" src=\"https:\/\/www.afapaucasalshorta.cat\/wp-content\/uploads\/2019\/06\/avatar_big.jpg\" sizes=\"(max-width: 150px) 100vw, 150px\" alt=\"Fernando\" width=\"150\" height=\"150\"><\/p>\n<\/div>\n<\/div>\n<\/div>\n<div class=\"team-member\">\n<div class=\"wpb_text_column wpb_content_element vc_custom_1488960938887\">\n<div class=\"wpb_wrapper\">\n<h4 class=\"team-member\" style=\"text-align: center;\">Fernando<\/h4>\n<\/div>\n<\/div>\n<div class=\"wpb_text_column wpb_content_element vc_custom_1488972717323\">\n<div class=\"wpb_wrapper\">\n<h3 class=\"team-member-role\" style=\"text-align: center;\">Presidente<\/h3>\n<\/div>\n<\/div>\n<div class=\"wpb_text_column wpb_content_element vc_custom_1488960968461\">\n<div class=\"wpb_wrapper\">\n<p class=\"team-member-mail\" style=\"text-align: center;\"><a href=\"mailto:tresoreria@afapaucasalshorta.cat\">tresoreria@afapaucasalshorta.cat<\/a><\/p>\n<p class=\"team-member-info\" style=\"text-align: center;\">Padre de Leo (2015) y Nara (2017<br>\nIngeniero Informatico de formaci\u00f3n y administrador de sistemas de profesi\u00f3n.<br>\nLe encanta la ciencia y la tecnolog\u00eda.<br>\nA l\u2019AFA s\u2019encarrega de la tresoreria, gestiona la compra de llibres i organitza el Casal d\u2019estiu i les col\u00f2nies.<\/p>\n<\/div>\n<\/div>\n<\/div>\n<h2>\u00bfQu\u00e9 hacemos?<\/h2>\n<p>Estamos organizados en grupos de trabajo formados por madres y padres que de forma voluntaria nos encargamos de dinamizar el AFA.<\/p>\n<ul>\n<li>Representamos los intereses de las familias asociadas delante de la escuela, el Consejo Escolar y la administraci\u00f3n.<\/li>\n<li>Aportamos ideas, sugerencias o mejoras en relaci\u00f3n con el funcionamiento de la escuela.<\/li>\n<li>Complementamos servicios b\u00e1sicos que no son competencia de la escuela fuera del horario escolar: servicio de acogida matinal (SAM), actividades extraescolares, casal de verano y colonias.<\/li>\n<li>Fomentamos la participaci\u00f3n y la interrelaci\u00f3n de toda la comunidad educativa con fiestas, encuentros familiares, jornadas solidarias, charlas o talleres gratuitos e iniciativas diversas.<\/li>\n<li>Mantenemos informadas con fluidez a las familias asociadas.<\/li>\n<li>Gestionamos mejores precios de compra de libros.<\/li>\n<\/ul>\n<p>Trabajamos desde la asociaci\u00f3n estudiando y desarrollando proyectos que mejoren tanto la calidad educativa de nuestros infantes como la calidad de vida de las familias.<br>\nDesde la JUNTA, que es el \u00f3rgano interno que se encarga de la gesti\u00f3n operativa del AFA y est\u00e1 reconocida legalmente en el registro de asociaciones, nos organizamos en COMISIONES constituidas con una finalidad concreta.<\/p>\t\t\t\t\t\t\t\t<\/div>\n\t\t\t\t<\/div>\n\t\t\t\t\t<\/div>\n\t\t<\/div>\n\t\t\t\t\t<\/div>\n\t\t<\/section>\n\t\t\t\t<\/div>","protected":false},"excerpt":{"rendered":"<p>L\u2019AFA Pau Casals som una associaci\u00f3 volunt\u00e0ria de fam\u00edlies que participem activament en les activitats educatives de l\u2019escola. Treballem en estreta col\u00b7laboraci\u00f3 amb la direcci\u00f3 i els mestres per fer cr\u00e9ixer el projecte educatiu i contribuir a construir la millor escola possible pels nostres fills i filles. Fernando President tresoreria@afapaucasalshorta.cat Pare de Leo (2015) i [&hellip;]<\/p>\n","protected":false},"author":1,"featured_media":0,"parent":0,"menu_order":0,"comment_status":"closed","ping_status":"closed","template":"","meta":{"_eb_attr":"","_monsterinsights_skip_tracking":false,"_monsterinsights_sitenote_active":false,"_monsterinsights_sitenote_note":"","_monsterinsights_sitenote_category":0,"footnotes":""},"class_list":["post-2","page","type-page","status-publish","hentry"],"_links":{"self":[{"href":"https:\/\/www.afapaucasalshorta.cat\/es\/wp-json\/wp\/v2\/pages\/2","targetHints":{"allow":["GET"]}}],"collection":[{"href":"https:\/\/www.afapaucasalshorta.cat\/es\/wp-json\/wp\/v2\/pages"}],"about":[{"href":"https:\/\/www.afapaucasalshorta.cat\/es\/wp-json\/wp\/v2\/types\/page"}],"author":[{"embeddable":true,"href":"https:\/\/www.afapaucasalshorta.cat\/es\/wp-json\/wp\/v2\/users\/1"}],"replies":[{"embeddable":true,"href":"https:\/\/www.afapaucasalshorta.cat\/es\/wp-json\/wp\/v2\/comments?post=2"}],"version-history":[{"count":28,"href":"https:\/\/www.afapaucasalshorta.cat\/es\/wp-json\/wp\/v2\/pages\/2\/revisions"}],"predecessor-version":[{"id":627,"href":"https:\/\/www.afapaucasalshorta.cat\/es\/wp-json\/wp\/v2\/pages\/2\/revisions\/627"}],"wp:attachment":[{"href":"https:\/\/www.afapaucasalshorta.cat\/es\/wp-json\/wp\/v2\/media?parent=2"}],"curies":[{"name":"wp","href":"https:\/\/api.w.org\/{rel}","templated":true}]}}