{"id":45,"date":"2019-06-19T12:54:03","date_gmt":"2019-06-19T10:54:03","guid":{"rendered":"https:\/\/www.afapaucasalshorta.cat\/?page_id=45"},"modified":"2025-10-15T11:20:59","modified_gmt":"2025-10-15T09:20:59","slug":"extraescolars-i-escola-oberta","status":"publish","type":"page","link":"https:\/\/www.afapaucasalshorta.cat\/es\/extraescolars-i-escola-oberta\/","title":{"rendered":"Extraescolares y escuela abierta"},"content":{"rendered":"<div data-elementor-type=\"wp-page\" data-elementor-id=\"45\" class=\"elementor elementor-45\">\n\t\t\t\t\t\t<section class=\"elementor-section elementor-top-section elementor-element elementor-element-62032c6 elementor-section-content-middle elementor-section-boxed elementor-section-height-default elementor-section-height-default\" data-id=\"62032c6\" data-element_type=\"section\" data-e-type=\"section\" data-settings=\"{&quot;background_background&quot;:&quot;classic&quot;}\">\n\t\t\t\t\t\t<div class=\"elementor-container elementor-column-gap-no\">\n\t\t\t\t\t<div class=\"elementor-column elementor-col-100 elementor-top-column elementor-element elementor-element-73bd282a\" data-id=\"73bd282a\" data-element_type=\"column\" data-e-type=\"column\">\n\t\t\t<div class=\"elementor-widget-wrap\">\n\t\t\t\t\t\t\t<\/div>\n\t\t<\/div>\n\t\t\t\t\t<\/div>\n\t\t<\/section>\n\t\t\t\t<section class=\"elementor-section elementor-top-section elementor-element elementor-element-45f5390c elementor-section-boxed elementor-section-height-default elementor-section-height-default\" data-id=\"45f5390c\" data-element_type=\"section\" data-e-type=\"section\">\n\t\t\t\t\t\t<div class=\"elementor-container elementor-column-gap-default\">\n\t\t\t\t\t<div class=\"elementor-column elementor-col-100 elementor-top-column elementor-element elementor-element-3cb7df52\" data-id=\"3cb7df52\" data-element_type=\"column\" data-e-type=\"column\">\n\t\t\t<div class=\"elementor-widget-wrap elementor-element-populated\">\n\t\t\t\t\t\t<div class=\"elementor-element elementor-element-47a2f122 elementor-widget elementor-widget-heading\" data-id=\"47a2f122\" data-element_type=\"widget\" data-e-type=\"widget\" data-widget_type=\"heading.default\">\n\t\t\t\t<div class=\"elementor-widget-container\">\n\t\t\t\t\t<h1 class=\"elementor-heading-title elementor-size-default\">Comisi\u00f3n de extraescolares y escuela abierta<\/h1>\t\t\t\t<\/div>\n\t\t\t\t<\/div>\n\t\t\t\t<div class=\"elementor-element elementor-element-10063116 elementor-widget elementor-widget-heading\" data-id=\"10063116\" data-element_type=\"widget\" data-e-type=\"widget\" data-widget_type=\"heading.default\">\n\t\t\t\t<div class=\"elementor-widget-container\">\n\t\t\t\t\t<h2 class=\"elementor-heading-title elementor-size-default\">\u00bfQui\u00e9nes somos?<\/h2>\t\t\t\t<\/div>\n\t\t\t\t<\/div>\n\t\t\t\t<section class=\"elementor-section elementor-inner-section elementor-element elementor-element-c222a53 elementor-section-boxed elementor-section-height-default elementor-section-height-default\" data-id=\"c222a53\" data-element_type=\"section\" data-e-type=\"section\" data-settings=\"{&quot;animation&quot;:&quot;none&quot;}\">\n\t\t\t\t\t\t<div class=\"elementor-container elementor-column-gap-wide\">\n\t\t\t\t\t<div class=\"elementor-column elementor-col-50 elementor-inner-column elementor-element elementor-element-1913c63\" data-id=\"1913c63\" data-element_type=\"column\" data-e-type=\"column\">\n\t\t\t<div class=\"elementor-widget-wrap elementor-element-populated\">\n\t\t\t\t\t\t<div class=\"elementor-element elementor-element-5f8c530 elementor-widget__width-initial elementor-widget elementor-widget-image\" data-id=\"5f8c530\" data-element_type=\"widget\" data-e-type=\"widget\" data-widget_type=\"image.default\">\n\t\t\t\t<div class=\"elementor-widget-container\">\n\t\t\t\t\t\t\t\t\t\t\t\t\t\t\t<img decoding=\"async\" width=\"181\" height=\"182\" src=\"https:\/\/www.afapaucasalshorta.cat\/wp-content\/uploads\/2023\/10\/boto_extraescolars.png\" class=\"attachment-medium_large size-medium_large wp-image-12373\" alt=\"\" srcset=\"https:\/\/www.afapaucasalshorta.cat\/wp-content\/uploads\/2023\/10\/boto_extraescolars.png 181w, https:\/\/www.afapaucasalshorta.cat\/wp-content\/uploads\/2023\/10\/boto_extraescolars-150x150.png 150w, https:\/\/www.afapaucasalshorta.cat\/wp-content\/uploads\/2023\/10\/boto_extraescolars-12x12.png 12w\" sizes=\"(max-width: 181px) 100vw, 181px\" \/>\t\t\t\t\t\t\t\t\t\t\t\t\t\t\t<\/div>\n\t\t\t\t<\/div>\n\t\t\t\t\t<\/div>\n\t\t<\/div>\n\t\t\t\t<div class=\"elementor-column elementor-col-50 elementor-inner-column elementor-element elementor-element-cc96709\" data-id=\"cc96709\" data-element_type=\"column\" data-e-type=\"column\">\n\t\t\t<div class=\"elementor-widget-wrap elementor-element-populated\">\n\t\t\t\t\t\t<div class=\"elementor-element elementor-element-5a096e9 elementor-widget elementor-widget-text-editor\" data-id=\"5a096e9\" data-element_type=\"widget\" data-e-type=\"widget\" data-widget_type=\"text-editor.default\">\n\t\t\t\t<div class=\"elementor-widget-container\">\n\t\t\t\t\t\t\t\t\t<p style=\"text-align: left;\"><span style=\"color: var( --e-global-color-text );\">\u00a0<\/span><\/p><p style=\"text-align: left;\">Albert Corominas<\/p><p style=\"text-align: left;\">David Mart\u00ednez<\/p>\t\t\t\t\t\t\t\t<\/div>\n\t\t\t\t<\/div>\n\t\t\t\t\t<\/div>\n\t\t<\/div>\n\t\t\t\t\t<\/div>\n\t\t<\/section>\n\t\t\t\t<div class=\"elementor-element elementor-element-1a5d054a elementor-widget elementor-widget-text-editor\" data-id=\"1a5d054a\" data-element_type=\"widget\" data-e-type=\"widget\" data-widget_type=\"text-editor.default\">\n\t\t\t\t<div class=\"elementor-widget-container\">\n\t\t\t\t\t\t\t\t\t<p>Las personas que componen esta comisi\u00f3n se encargan de las siguientes actividades: <strong>extraescolares y escuela abierta (Servicio de acogida matinal y \u201ccasalet\u201d de verano).<\/strong><\/p><p><strong>Tectum<\/strong> es la empresa que gestiona las <strong>extraescolares<\/strong> de la escuela, aun as\u00ed la comisi\u00f3n trabaja con ellos para <strong>proponer una oferta que tanga muy en cuenta las preferencias de los infantes y de las familias.<\/strong><\/p><p>Adem\u00e1s, para favorecer la conciliaci\u00f3n familiar, tambi\u00e9n ofrecemos un <strong>servicio de escuela abierta<\/strong>, en el que gestionamos<strong> la acogida matinal<\/strong> de 7:45 a las 9:00 y el <strong>\u201ccasalet\u201d del mes de junio<\/strong> per allargar la jornada fins ales 16.30 hores. Aquest servei el cobreix la cooperativa que gestiona el servei de migdia:<a href=\"https:\/\/laforquillaecologica.cat\/\"> la forquilla ecol\u00f2gica<\/a>.<\/p><p>La forquilla ecol\u00f2gica, Tectum i la comissi\u00f3 treballen colze a colze per confeccionar tots aquests serveis en base <strong>al proyecto pedag\u00f3gico de la escuela, combinando el aprendizaje con el juego.<\/strong><\/p>\t\t\t\t\t\t\t\t<\/div>\n\t\t\t\t<\/div>\n\t\t\t\t<div class=\"elementor-element elementor-element-6a687417 elementor-widget elementor-widget-heading\" data-id=\"6a687417\" data-element_type=\"widget\" data-e-type=\"widget\" data-widget_type=\"heading.default\">\n\t\t\t\t<div class=\"elementor-widget-container\">\n\t\t\t\t\t<h2 class=\"elementor-heading-title elementor-size-default\">\u00bfQu\u00e9 hacemos?<\/h2>\t\t\t\t<\/div>\n\t\t\t\t<\/div>\n\t\t\t\t<div class=\"elementor-element elementor-element-14ef73b6 elementor-widget elementor-widget-text-editor\" data-id=\"14ef73b6\" data-element_type=\"widget\" data-e-type=\"widget\" data-widget_type=\"text-editor.default\">\n\t\t\t\t<div class=\"elementor-widget-container\">\n\t\t\t\t\t\t\t\t\t<p>Los objetivos de la comisi\u00f3n son:<\/p><ul><li><p>Treballar de manera conjunta amb Tectum en la <strong>oferta de actividades extraescolares<\/strong> de mediod\u00eda y de tarde. Solicitando informaci\u00f3n sobre precios, posibles descuentos, tipos de actividades, etc.<\/p><\/li><li><p>Organitzar amb la forquilla ecol\u00f2gica l\u2019escola oberta. Tant el <strong>servicio de acogida matinal (SAM) como el casalet de junio.<\/strong><\/p><\/li><li><p>Mantener una v\u00eda de comunicaci\u00f3n constante entre <strong>usuaris dels serveis, l\u2019AFA i les entitats gestores dels serveis<\/strong>, con el objetivo de crear un ambiente comunicativo fluido que nos permita <strong>responder dudas, tomar decisiones y hacer sugerencias<\/strong> de manera eficiente.<\/p><\/li><li><p class=\"translation-block\"><strong>Controlar y evaluar los servicios<\/strong> que gestiona la comisi\u00f3n para poder hacer propuestas de mejora.<\/p><\/li><li><p class=\"translation-block\"><strong>Tomar nota de propuestas y sugerencias <\/strong>de los usuarios para trasladarlas a la entidad.<\/p><\/li><li><p class=\"translation-block\">Facilitar toda la <strong>informaci\u00f3n para realizar las inscripciones y solicitar becas<\/strong>.<\/p><\/li><li><p class=\"translation-block\"><strong>Buscar y tramitar subvenciones <\/strong>que nos permitan financiar actividades extraescolares.<\/p><\/li><\/ul>\t\t\t\t\t\t\t\t<\/div>\n\t\t\t\t<\/div>\n\t\t\t\t<div class=\"elementor-element elementor-element-8cefeb9 elementor-widget elementor-widget-heading\" data-id=\"8cefeb9\" data-element_type=\"widget\" data-e-type=\"widget\" data-widget_type=\"heading.default\">\n\t\t\t\t<div class=\"elementor-widget-container\">\n\t\t\t\t\t<h2 class=\"elementor-heading-title elementor-size-default\">Contacto<\/h2>\t\t\t\t<\/div>\n\t\t\t\t<\/div>\n\t\t\t\t<div class=\"elementor-element elementor-element-ff160a4 elementor-widget elementor-widget-text-editor\" data-id=\"ff160a4\" data-element_type=\"widget\" data-e-type=\"widget\" data-widget_type=\"text-editor.default\">\n\t\t\t\t<div class=\"elementor-widget-container\">\n\t\t\t\t\t\t\t\t\t<ul>\n<li>Contacte de Tectum:&nbsp;<a href=\"mailto:tectum.pc@gmail.com\">tectum.pc@gmail.com<\/a><\/li>\n<li>La forquilla ecol\u00f2gica:&nbsp;<a href=\"mailto:menjadorpaucasals@laforquillaecologica.cat\">menjadorpaucasals@laforquillaecologica.cat<\/a>&nbsp;o 681 91 80 90<\/li>\n<li>Contacte amb l&#8217;AFA:&nbsp;<a href=\"mailto:Paucaextraescolars@gmail.com\">Paucaextraescolars@gmail.com<\/a><\/li>\n<\/ul>\n<p style=\"padding-left: 40px;\">Aquest correu electr\u00f2nic per a les fam\u00edlies d&#8217;infants apuntats a alguna extraescolar, puguin enviar queixes, suggeriments, preguntes, avisos\u2026 i aix\u00ed tot ser m\u00e9s \u00e0gil a l\u2019hora de solucionar-se i donar resposta.<\/p>\t\t\t\t\t\t\t\t<\/div>\n\t\t\t\t<\/div>\n\t\t\t\t<div class=\"elementor-element elementor-element-7800d21 elementor-button-info elementor-align-center elementor-widget elementor-widget-button\" data-id=\"7800d21\" data-element_type=\"widget\" data-e-type=\"widget\" data-widget_type=\"button.default\">\n\t\t\t\t<div class=\"elementor-widget-container\">\n\t\t\t\t\t\t\t\t\t<div class=\"elementor-button-wrapper\">\n\t\t\t\t\t<a class=\"elementor-button elementor-button-link elementor-size-sm elementor-animation-shrink\" href=\"https:\/\/www.afapaucasalshorta.cat\/es\/2025\/10\/15\/extraescolars-curs-2025-26\/\">\n\t\t\t\t\t\t<span class=\"elementor-button-content-wrapper\">\n\t\t\t\t\t\t\t\t\t<span class=\"elementor-button-text\">Informaci\u00f3n sobre las extraescolares y el servicio de acogida matinal<\/span>\n\t\t\t\t\t<\/span>\n\t\t\t\t\t<\/a>\n\t\t\t\t<\/div>\n\t\t\t\t\t\t\t\t<\/div>\n\t\t\t\t<\/div>\n\t\t\t\t<div class=\"elementor-element elementor-element-381d034e elementor-widget elementor-widget-heading\" data-id=\"381d034e\" data-element_type=\"widget\" data-e-type=\"widget\" data-widget_type=\"heading.default\">\n\t\t\t\t<div class=\"elementor-widget-container\">\n\t\t\t\t\t<h2 class=\"elementor-heading-title elementor-size-default\">Vols formar part de la comissi\u00f3?<\/h2>\t\t\t\t<\/div>\n\t\t\t\t<\/div>\n\t\t\t\t<div class=\"elementor-element elementor-element-4229c428 elementor-widget elementor-widget-text-editor\" data-id=\"4229c428\" data-element_type=\"widget\" data-e-type=\"widget\" data-widget_type=\"text-editor.default\">\n\t\t\t\t<div class=\"elementor-widget-container\">\n\t\t\t\t\t\t\t\t\t<p>Si quer\u00e9is participar en la comisi\u00f3n, ten\u00e9is alguna propuesta o quer\u00e9is resolver alguna duda, enviadnos un mail a <a href=\"mailto:afa@afapaucasalshorta.cat\">afa@afapaucasalshorta.cat<\/a>.<\/p><p>\u00a1Os estamos esperando!<\/p>\t\t\t\t\t\t\t\t<\/div>\n\t\t\t\t<\/div>\n\t\t\t\t\t<\/div>\n\t\t<\/div>\n\t\t\t\t\t<\/div>\n\t\t<\/section>\n\t\t\t\t<\/div>","protected":false},"excerpt":{"rendered":"<p>Comissi\u00f3 d&#8217;extraescolars i escola oberta Qui som? \u00a0 Albert Corominas David Mart\u00ednez Les persones que constitueixen aquesta comissi\u00f3 s\u2019encarreguen de les seg\u00fcents activitats: extraescolars i escola oberta (servei d\u2019acollida matinal i casalet d\u2019estiu). Tectum \u00e9s l\u2019entitat que gestiona les extraescolars de l\u2019escola, tot hi aix\u00ed la comissi\u00f3 treballa de manera estreta amb ells per proposar [&hellip;]<\/p>\n","protected":false},"author":1,"featured_media":0,"parent":0,"menu_order":0,"comment_status":"closed","ping_status":"closed","template":"","meta":{"_eb_attr":"","_monsterinsights_skip_tracking":false,"_monsterinsights_sitenote_active":false,"_monsterinsights_sitenote_note":"","_monsterinsights_sitenote_category":0,"footnotes":""},"class_list":["post-45","page","type-page","status-publish","hentry"],"_links":{"self":[{"href":"https:\/\/www.afapaucasalshorta.cat\/es\/wp-json\/wp\/v2\/pages\/45","targetHints":{"allow":["GET"]}}],"collection":[{"href":"https:\/\/www.afapaucasalshorta.cat\/es\/wp-json\/wp\/v2\/pages"}],"about":[{"href":"https:\/\/www.afapaucasalshorta.cat\/es\/wp-json\/wp\/v2\/types\/page"}],"author":[{"embeddable":true,"href":"https:\/\/www.afapaucasalshorta.cat\/es\/wp-json\/wp\/v2\/users\/1"}],"replies":[{"embeddable":true,"href":"https:\/\/www.afapaucasalshorta.cat\/es\/wp-json\/wp\/v2\/comments?post=45"}],"version-history":[{"count":189,"href":"https:\/\/www.afapaucasalshorta.cat\/es\/wp-json\/wp\/v2\/pages\/45\/revisions"}],"predecessor-version":[{"id":15156,"href":"https:\/\/www.afapaucasalshorta.cat\/es\/wp-json\/wp\/v2\/pages\/45\/revisions\/15156"}],"wp:attachment":[{"href":"https:\/\/www.afapaucasalshorta.cat\/es\/wp-json\/wp\/v2\/media?parent=45"}],"curies":[{"name":"wp","href":"https:\/\/api.w.org\/{rel}","templated":true}]}}