{"id":57,"date":"2019-06-19T12:56:23","date_gmt":"2019-06-19T10:56:23","guid":{"rendered":"https:\/\/www.afapaucasalshorta.cat\/?page_id=57"},"modified":"2025-10-24T14:13:54","modified_gmt":"2025-10-24T12:13:54","slug":"casal-estiu-colonies-i-campaments","status":"publish","type":"page","link":"https:\/\/www.afapaucasalshorta.cat\/es\/casal-estiu-colonies-i-campaments\/","title":{"rendered":"Casal d&#8217;estiu, col\u00f2nies i campaments\u200b"},"content":{"rendered":"<div data-elementor-type=\"wp-page\" data-elementor-id=\"57\" class=\"elementor elementor-57\">\n\t\t\t\t\t\t<section class=\"elementor-section elementor-top-section elementor-element elementor-element-414e4147 elementor-section-boxed elementor-section-height-default elementor-section-height-default\" data-id=\"414e4147\" data-element_type=\"section\" data-e-type=\"section\">\n\t\t\t\t\t\t<div class=\"elementor-container elementor-column-gap-default\">\n\t\t\t\t\t<div class=\"elementor-column elementor-col-100 elementor-top-column elementor-element elementor-element-78d21af7\" data-id=\"78d21af7\" data-element_type=\"column\" data-e-type=\"column\">\n\t\t\t<div class=\"elementor-widget-wrap elementor-element-populated\">\n\t\t\t\t\t\t\t<\/div>\n\t\t<\/div>\n\t\t\t\t\t<\/div>\n\t\t<\/section>\n\t\t\t\t<section class=\"elementor-section elementor-top-section elementor-element elementor-element-55ba7245 elementor-section-content-middle elementor-section-boxed elementor-section-height-default elementor-section-height-default\" data-id=\"55ba7245\" data-element_type=\"section\" data-e-type=\"section\" data-settings=\"{&quot;background_background&quot;:&quot;classic&quot;}\">\n\t\t\t\t\t\t<div class=\"elementor-container elementor-column-gap-no\">\n\t\t\t\t\t<div class=\"elementor-column elementor-col-100 elementor-top-column elementor-element elementor-element-73eca3e5\" data-id=\"73eca3e5\" data-element_type=\"column\" data-e-type=\"column\" data-settings=\"{&quot;background_background&quot;:&quot;slideshow&quot;,&quot;background_slideshow_gallery&quot;:[],&quot;background_slideshow_loop&quot;:&quot;yes&quot;,&quot;background_slideshow_slide_duration&quot;:5000,&quot;background_slideshow_slide_transition&quot;:&quot;fade&quot;,&quot;background_slideshow_transition_duration&quot;:500}\">\n\t\t\t<div class=\"elementor-widget-wrap\">\n\t\t\t\t\t\t\t<\/div>\n\t\t<\/div>\n\t\t\t\t\t<\/div>\n\t\t<\/section>\n\t\t\t\t<section class=\"elementor-section elementor-top-section elementor-element elementor-element-3c268b34 elementor-section-boxed elementor-section-height-default elementor-section-height-default\" data-id=\"3c268b34\" data-element_type=\"section\" data-e-type=\"section\">\n\t\t\t\t\t\t<div class=\"elementor-container elementor-column-gap-default\">\n\t\t\t\t\t<div class=\"elementor-column elementor-col-100 elementor-top-column elementor-element elementor-element-2add1a88\" data-id=\"2add1a88\" data-element_type=\"column\" data-e-type=\"column\">\n\t\t\t<div class=\"elementor-widget-wrap elementor-element-populated\">\n\t\t\t\t\t\t<div class=\"elementor-element elementor-element-65f64de3 elementor-widget elementor-widget-heading\" data-id=\"65f64de3\" data-element_type=\"widget\" data-e-type=\"widget\" data-widget_type=\"heading.default\">\n\t\t\t\t<div class=\"elementor-widget-container\">\n\t\t\t\t\t<h1 class=\"elementor-heading-title elementor-size-default\">Comisi\u00f3n de casal de verano, colonias y campamentos<\/h1>\t\t\t\t<\/div>\n\t\t\t\t<\/div>\n\t\t\t\t<div class=\"elementor-element elementor-element-54ba8a5c elementor-widget elementor-widget-heading\" data-id=\"54ba8a5c\" data-element_type=\"widget\" data-e-type=\"widget\" data-widget_type=\"heading.default\">\n\t\t\t\t<div class=\"elementor-widget-container\">\n\t\t\t\t\t<h2 class=\"elementor-heading-title elementor-size-default\">\u00bfQui\u00e9nes somos?<\/h2>\t\t\t\t<\/div>\n\t\t\t\t<\/div>\n\t\t\t\t<section class=\"elementor-section elementor-inner-section elementor-element elementor-element-4357a6e elementor-section-boxed elementor-section-height-default elementor-section-height-default\" data-id=\"4357a6e\" data-element_type=\"section\" data-e-type=\"section\" data-settings=\"{&quot;animation&quot;:&quot;none&quot;}\">\n\t\t\t\t\t\t<div class=\"elementor-container elementor-column-gap-wide\">\n\t\t\t\t\t<div class=\"elementor-column elementor-col-33 elementor-inner-column elementor-element elementor-element-3ca79ed\" data-id=\"3ca79ed\" data-element_type=\"column\" data-e-type=\"column\">\n\t\t\t<div class=\"elementor-widget-wrap elementor-element-populated\">\n\t\t\t\t\t\t<div class=\"elementor-element elementor-element-8c93a3e elementor-widget__width-initial elementor-widget elementor-widget-image\" data-id=\"8c93a3e\" data-element_type=\"widget\" data-e-type=\"widget\" data-widget_type=\"image.default\">\n\t\t\t\t<div class=\"elementor-widget-container\">\n\t\t\t\t\t\t\t\t\t\t\t\t\t\t\t<img decoding=\"async\" width=\"181\" height=\"182\" src=\"https:\/\/www.afapaucasalshorta.cat\/wp-content\/uploads\/2023\/10\/boto_casal-i-colonies.png\" class=\"attachment-medium_large size-medium_large wp-image-12368\" alt=\"\" srcset=\"https:\/\/www.afapaucasalshorta.cat\/wp-content\/uploads\/2023\/10\/boto_casal-i-colonies.png 181w, https:\/\/www.afapaucasalshorta.cat\/wp-content\/uploads\/2023\/10\/boto_casal-i-colonies-150x150.png 150w, https:\/\/www.afapaucasalshorta.cat\/wp-content\/uploads\/2023\/10\/boto_casal-i-colonies-12x12.png 12w\" sizes=\"(max-width: 181px) 100vw, 181px\" \/>\t\t\t\t\t\t\t\t\t\t\t\t\t\t\t<\/div>\n\t\t\t\t<\/div>\n\t\t\t\t\t<\/div>\n\t\t<\/div>\n\t\t\t\t<div class=\"elementor-column elementor-col-33 elementor-inner-column elementor-element elementor-element-85d2db4\" data-id=\"85d2db4\" data-element_type=\"column\" data-e-type=\"column\">\n\t\t\t<div class=\"elementor-widget-wrap elementor-element-populated\">\n\t\t\t\t\t\t<div class=\"elementor-element elementor-element-09cc7e4 elementor-widget elementor-widget-text-editor\" data-id=\"09cc7e4\" data-element_type=\"widget\" data-e-type=\"widget\" data-widget_type=\"text-editor.default\">\n\t\t\t\t<div class=\"elementor-widget-container\">\n\t\t\t\t\t\t\t\t\t<p style=\"text-align: left;\"><strong><span style=\"color: var( --e-global-color-text ); text-align: center;\">Col\u00f2nies<\/span><\/strong><\/p><p style=\"text-align: left;\"><span style=\"color: var( --e-global-color-text ); text-align: center;\">Anna Matute<\/span><\/p><p style=\"text-align: left;\"><span style=\"color: var( --e-global-color-text ); text-align: center;\">N\u00faria Campuzano<\/span><\/p><p style=\"text-align: left;\">\u00a0<\/p>\t\t\t\t\t\t\t\t<\/div>\n\t\t\t\t<\/div>\n\t\t\t\t\t<\/div>\n\t\t<\/div>\n\t\t\t\t<div class=\"elementor-column elementor-col-33 elementor-inner-column elementor-element elementor-element-897e528\" data-id=\"897e528\" data-element_type=\"column\" data-e-type=\"column\">\n\t\t\t<div class=\"elementor-widget-wrap elementor-element-populated\">\n\t\t\t\t\t\t<div class=\"elementor-element elementor-element-e15ce59 elementor-widget elementor-widget-text-editor\" data-id=\"e15ce59\" data-element_type=\"widget\" data-e-type=\"widget\" data-widget_type=\"text-editor.default\">\n\t\t\t\t<div class=\"elementor-widget-container\">\n\t\t\t\t\t\t\t\t\t<p style=\"text-align: left;\"><strong>Casal<\/strong><\/p><p style=\"text-align: left;\"><span style=\"color: var( --e-global-color-text );\"><span style=\"text-align: center;\">N\u00faria Campuzano<\/span><\/span><\/p><p style=\"text-align: left;\">Raquel Mart\u00edn<\/p><p style=\"text-align: left;\"><span style=\"color: var( --e-global-color-text );\">Elena Quintanilla<\/span><\/p>\t\t\t\t\t\t\t\t<\/div>\n\t\t\t\t<\/div>\n\t\t\t\t\t<\/div>\n\t\t<\/div>\n\t\t\t\t\t<\/div>\n\t\t<\/section>\n\t\t\t\t<div class=\"elementor-element elementor-element-acb72d6 elementor-widget elementor-widget-text-editor\" data-id=\"acb72d6\" data-element_type=\"widget\" data-e-type=\"widget\" data-widget_type=\"text-editor.default\">\n\t\t\t\t<div class=\"elementor-widget-container\">\n\t\t\t\t\t\t\t\t\t<p>TEAquesta comissi\u00f3, formada per un grup de mares i <span style=\"color: var( --e-global-color-text ); font-family: var( --e-global-typography-text-font-family ), Sans-serif; font-weight: var( --e-global-typography-text-font-weight ); font-size: 1rem;\">padres<\/span><span style=\"color: var( --e-global-color-text ); font-family: var( --e-global-typography-text-font-family ), Sans-serif; font-weight: var( --e-global-typography-text-font-weight ); font-size: 1rem;\">\u00a0de la escuela, tiene como objetivo la organizaci\u00f3n de las siguientes actividades: <\/span><strong style=\"color: var( --e-global-color-text ); font-family: var( --e-global-typography-text-font-family ), Sans-serif; font-size: 1rem;\">el casal de verano, las colonias y los campamentos.<\/strong><\/p><p>El <strong>casal de verano<\/strong> es una actividad necesaria para poder conciliar la vida personal, familiar y laboral. La comisi\u00f3n trabaja codo a codo con la entidad <strong>Tectum<\/strong>\u00a0para confeccionar un casal de verano lleno de actividades l\u00fadicas y educativas atractivas, que al mismo tiempo sean flexibles y se puedan adaptar al abanico de edades.<\/p><p>Las <strong>colonias<\/strong> organizadas por el AFA son para ni\u00f1as y ni\u00f1os de <strong>P3 hasta 5\u00ba<\/strong> de primaria, y los <strong>campamentos<\/strong> est\u00e1n destinados a los alumnos de <strong>6\u00ba<\/strong> de primaria. Estas actividades se hacen a trav\u00e9s de la <strong>Fundaci\u00f3 Catalana de l\u2019Esplai<\/strong> (Fundesplai) y los \u00faltimos a\u00f1os se han realizado en el espacio natural de las Guilleries-Savassona, a orillas del pantano de Sau.<\/p>\t\t\t\t\t\t\t\t<\/div>\n\t\t\t\t<\/div>\n\t\t\t\t<div class=\"elementor-element elementor-element-3a00a01d elementor-widget elementor-widget-heading\" data-id=\"3a00a01d\" data-element_type=\"widget\" data-e-type=\"widget\" data-widget_type=\"heading.default\">\n\t\t\t\t<div class=\"elementor-widget-container\">\n\t\t\t\t\t<h2 class=\"elementor-heading-title elementor-size-default\">\u00bfQu\u00e9 hacemos?<\/h2>\t\t\t\t<\/div>\n\t\t\t\t<\/div>\n\t\t\t\t<div class=\"elementor-element elementor-element-2bcd86b4 elementor-widget elementor-widget-text-editor\" data-id=\"2bcd86b4\" data-element_type=\"widget\" data-e-type=\"widget\" data-widget_type=\"text-editor.default\">\n\t\t\t\t<div class=\"elementor-widget-container\">\n\t\t\t\t\t\t\t\t\t<p>Los objetivos relacionados con el <strong>casal de verano<\/strong> son:<\/p>\n<ul>\n<li>\n<p>Treballar de manera conjunta amb l\u2019empresa Tectum per a preparaci\u00f3 del casal d\u2019estiu. Sol\u00b7licitant informaci\u00f3 sobre els preus, els possibles descomptes, la tem\u00e0tica, els tipus d\u2019activitats que es desenvoluparan, les excursi\u00f3 planejades, etc.<\/p>\n<\/li>\n<li>\n<p>Mantenir una via de comunicaci\u00f3 constant entre usuaris del casal, l\u2019AFA i l\u2019entitat Tectum, amb l\u2019objectiu de crear un ambient comunicatiu fluid que ens permeti respondre dubtes, prendre decisions i fer suggeriments de manera eficient.<\/p>\n<\/li>\n<li>\n<p>Tomar nota de propuestas y sugerencias de los usuarios del casal para trasladarlo a la entidad organizadora.<\/p>\n<\/li>\n<li>\n<p>Facilitar toda la informaci\u00f3n para la preinscripci\u00f3n y para la solicitud de becas.<\/p>\n<\/li>\n<\/ul>\n<p>Los objetivos en relaci\u00f3n a <strong>las colonias y los campamentos<\/strong> son:<\/p>\n<ul>\n<li>\n<p>Facilitar toda la informaci\u00f3n sobre la organizaci\u00f3n, los precios y las becas para la realizaci\u00f3n de las colonias y los campamentos de verano.<\/p>\n<\/li>\n<li>\n<p>Mantener una v\u00eda de comunicaci\u00f3n abierta con la entidad organizadora de las colonias con el objetivo de transmitir preguntas, dudas e inquietudes de las familias.<\/p>\n<\/li>\n<li>\n<p>Tomar nota de mejoras y sugerencias de los usuarios del servicio para trasladarlos a la entidad organizadora.<\/p>\n<\/li>\n<\/ul>\t\t\t\t\t\t\t\t<\/div>\n\t\t\t\t<\/div>\n\t\t\t\t<div class=\"elementor-element elementor-element-313dc551 elementor-widget elementor-widget-heading\" data-id=\"313dc551\" data-element_type=\"widget\" data-e-type=\"widget\" data-widget_type=\"heading.default\">\n\t\t\t\t<div class=\"elementor-widget-container\">\n\t\t\t\t\t<h2 class=\"elementor-heading-title elementor-size-default\">Contacto<\/h2>\t\t\t\t<\/div>\n\t\t\t\t<\/div>\n\t\t\t\t<div class=\"elementor-element elementor-element-165d9fd elementor-widget elementor-widget-text-editor\" data-id=\"165d9fd\" data-element_type=\"widget\" data-e-type=\"widget\" data-widget_type=\"text-editor.default\">\n\t\t\t\t<div class=\"elementor-widget-container\">\n\t\t\t\t\t\t\t\t\t<p>Si quer\u00e9is participar en la comisi\u00f3n, ten\u00e9is alguna propuesta o quer\u00e9is resolver alguna duda, enviadnos un mail a <a href=\"mailto:afa@afapaucasalshorta.cat\">afa@afapaucasalshorta.cat<\/a>.<\/p><p>\u00a1Os estamos esperando!<\/p>\t\t\t\t\t\t\t\t<\/div>\n\t\t\t\t<\/div>\n\t\t\t\t\t<\/div>\n\t\t<\/div>\n\t\t\t\t\t<\/div>\n\t\t<\/section>\n\t\t\t\t<\/div>","protected":false},"excerpt":{"rendered":"<p>Comissi\u00f3 de casal d&#8217;estiu, col\u00f2nies i campaments Qui som? Col\u00f2nies Anna Matute N\u00faria Campuzano \u00a0 Casal N\u00faria Campuzano Raquel Mart\u00edn Elena Quintanilla TEAquesta comissi\u00f3, formada per un grup de mares i pares\u00a0de l\u2019escola, t\u00e9 com a objectiu la organitzaci\u00f3 les seg\u00fcents activitats: el casal d\u2019estiu, les col\u00f2nies i els campaments. El casal d\u2019estiu \u00e9s una [&hellip;]<\/p>\n","protected":false},"author":1,"featured_media":0,"parent":0,"menu_order":0,"comment_status":"closed","ping_status":"closed","template":"","meta":{"_eb_attr":"","_monsterinsights_skip_tracking":false,"_monsterinsights_sitenote_active":false,"_monsterinsights_sitenote_note":"","_monsterinsights_sitenote_category":0,"footnotes":""},"class_list":["post-57","page","type-page","status-publish","hentry"],"_links":{"self":[{"href":"https:\/\/www.afapaucasalshorta.cat\/es\/wp-json\/wp\/v2\/pages\/57","targetHints":{"allow":["GET"]}}],"collection":[{"href":"https:\/\/www.afapaucasalshorta.cat\/es\/wp-json\/wp\/v2\/pages"}],"about":[{"href":"https:\/\/www.afapaucasalshorta.cat\/es\/wp-json\/wp\/v2\/types\/page"}],"author":[{"embeddable":true,"href":"https:\/\/www.afapaucasalshorta.cat\/es\/wp-json\/wp\/v2\/users\/1"}],"replies":[{"embeddable":true,"href":"https:\/\/www.afapaucasalshorta.cat\/es\/wp-json\/wp\/v2\/comments?post=57"}],"version-history":[{"count":132,"href":"https:\/\/www.afapaucasalshorta.cat\/es\/wp-json\/wp\/v2\/pages\/57\/revisions"}],"predecessor-version":[{"id":15172,"href":"https:\/\/www.afapaucasalshorta.cat\/es\/wp-json\/wp\/v2\/pages\/57\/revisions\/15172"}],"wp:attachment":[{"href":"https:\/\/www.afapaucasalshorta.cat\/es\/wp-json\/wp\/v2\/media?parent=57"}],"curies":[{"name":"wp","href":"https:\/\/api.w.org\/{rel}","templated":true}]}}