{"id":61,"date":"2019-06-19T12:59:13","date_gmt":"2019-06-19T10:59:13","guid":{"rendered":"https:\/\/www.afapaucasalshorta.cat\/?page_id=61"},"modified":"2024-10-17T12:06:53","modified_gmt":"2024-10-17T10:06:53","slug":"festes","status":"publish","type":"page","link":"https:\/\/www.afapaucasalshorta.cat\/es\/festes\/","title":{"rendered":"Fiestas"},"content":{"rendered":"<div data-elementor-type=\"wp-page\" data-elementor-id=\"61\" class=\"elementor elementor-61\">\n\t\t\t\t\t\t<section class=\"elementor-section elementor-top-section elementor-element elementor-element-3cae72ee elementor-section-content-middle elementor-section-boxed elementor-section-height-default elementor-section-height-default\" data-id=\"3cae72ee\" data-element_type=\"section\" data-e-type=\"section\" data-settings=\"{&quot;background_background&quot;:&quot;classic&quot;}\">\n\t\t\t\t\t\t<div class=\"elementor-container elementor-column-gap-no\">\n\t\t\t\t\t<div class=\"elementor-column elementor-col-100 elementor-top-column elementor-element elementor-element-bcc054e\" data-id=\"bcc054e\" data-element_type=\"column\" data-e-type=\"column\">\n\t\t\t<div class=\"elementor-widget-wrap\">\n\t\t\t\t\t\t\t<\/div>\n\t\t<\/div>\n\t\t\t\t\t<\/div>\n\t\t<\/section>\n\t\t\t\t<section class=\"elementor-section elementor-top-section elementor-element elementor-element-2b28293b elementor-section-boxed elementor-section-height-default elementor-section-height-default\" data-id=\"2b28293b\" data-element_type=\"section\" data-e-type=\"section\">\n\t\t\t\t\t\t<div class=\"elementor-container elementor-column-gap-default\">\n\t\t\t\t\t<div class=\"elementor-column elementor-col-100 elementor-top-column elementor-element elementor-element-615a0ea8\" data-id=\"615a0ea8\" data-element_type=\"column\" data-e-type=\"column\">\n\t\t\t<div class=\"elementor-widget-wrap elementor-element-populated\">\n\t\t\t\t\t\t<div class=\"elementor-element elementor-element-5ce925c6 elementor-widget elementor-widget-heading\" data-id=\"5ce925c6\" data-element_type=\"widget\" data-e-type=\"widget\" data-widget_type=\"heading.default\">\n\t\t\t\t<div class=\"elementor-widget-container\">\n\t\t\t\t\t<h1 class=\"elementor-heading-title elementor-size-default\">Comisi\u00f3n de fiestas<\/h1>\t\t\t\t<\/div>\n\t\t\t\t<\/div>\n\t\t\t\t<div class=\"elementor-element elementor-element-19131c74 elementor-widget elementor-widget-heading\" data-id=\"19131c74\" data-element_type=\"widget\" data-e-type=\"widget\" data-widget_type=\"heading.default\">\n\t\t\t\t<div class=\"elementor-widget-container\">\n\t\t\t\t\t<h2 class=\"elementor-heading-title elementor-size-default\">\u00bfQui\u00e9nes somos?<\/h2>\t\t\t\t<\/div>\n\t\t\t\t<\/div>\n\t\t\t\t<section class=\"elementor-section elementor-inner-section elementor-element elementor-element-2fa77b22 elementor-section-boxed elementor-section-height-default elementor-section-height-default\" data-id=\"2fa77b22\" data-element_type=\"section\" data-e-type=\"section\" data-settings=\"{&quot;animation&quot;:&quot;none&quot;}\">\n\t\t\t\t\t\t<div class=\"elementor-container elementor-column-gap-wide\">\n\t\t\t\t\t<div class=\"elementor-column elementor-col-50 elementor-inner-column elementor-element elementor-element-5e2ce681\" data-id=\"5e2ce681\" data-element_type=\"column\" data-e-type=\"column\">\n\t\t\t<div class=\"elementor-widget-wrap elementor-element-populated\">\n\t\t\t\t\t\t<div class=\"elementor-element elementor-element-6b19487a elementor-widget__width-initial elementor-widget elementor-widget-image\" data-id=\"6b19487a\" data-element_type=\"widget\" data-e-type=\"widget\" data-widget_type=\"image.default\">\n\t\t\t\t<div class=\"elementor-widget-container\">\n\t\t\t\t\t\t\t\t\t\t\t\t\t\t\t<img decoding=\"async\" width=\"181\" height=\"182\" src=\"https:\/\/www.afapaucasalshorta.cat\/wp-content\/uploads\/2023\/10\/boto_festes.png\" class=\"attachment-medium_large size-medium_large wp-image-12374\" alt=\"\" srcset=\"https:\/\/www.afapaucasalshorta.cat\/wp-content\/uploads\/2023\/10\/boto_festes.png 181w, https:\/\/www.afapaucasalshorta.cat\/wp-content\/uploads\/2023\/10\/boto_festes-150x150.png 150w, https:\/\/www.afapaucasalshorta.cat\/wp-content\/uploads\/2023\/10\/boto_festes-12x12.png 12w\" sizes=\"(max-width: 181px) 100vw, 181px\" \/>\t\t\t\t\t\t\t\t\t\t\t\t\t\t\t<\/div>\n\t\t\t\t<\/div>\n\t\t\t\t\t<\/div>\n\t\t<\/div>\n\t\t\t\t<div class=\"elementor-column elementor-col-50 elementor-inner-column elementor-element elementor-element-177a2e43\" data-id=\"177a2e43\" data-element_type=\"column\" data-e-type=\"column\">\n\t\t\t<div class=\"elementor-widget-wrap elementor-element-populated\">\n\t\t\t\t\t\t<div class=\"elementor-element elementor-element-28a83747 elementor-widget elementor-widget-text-editor\" data-id=\"28a83747\" data-element_type=\"widget\" data-e-type=\"widget\" data-widget_type=\"text-editor.default\">\n\t\t\t\t<div class=\"elementor-widget-container\">\n\t\t\t\t\t\t\t\t\t<p style=\"text-align: left;\">Anna Matute<\/p><p style=\"text-align: left;\">Angela Hern\u00e1ndez<\/p><p style=\"text-align: left;\">Marc Pamies<\/p><p style=\"text-align: left;\">Miriam Cort\u00e9s<\/p>\t\t\t\t\t\t\t\t<\/div>\n\t\t\t\t<\/div>\n\t\t\t\t\t<\/div>\n\t\t<\/div>\n\t\t\t\t\t<\/div>\n\t\t<\/section>\n\t\t\t\t<div class=\"elementor-element elementor-element-8e3c08f elementor-widget elementor-widget-heading\" data-id=\"8e3c08f\" data-element_type=\"widget\" data-e-type=\"widget\" data-widget_type=\"heading.default\">\n\t\t\t\t<div class=\"elementor-widget-container\">\n\t\t\t\t\t<h2 class=\"elementor-heading-title elementor-size-default\">\u00bfQu\u00e9 hacemos?<\/h2>\t\t\t\t<\/div>\n\t\t\t\t<\/div>\n\t\t\t\t<div class=\"elementor-element elementor-element-1516aa83 elementor-widget elementor-widget-text-editor\" data-id=\"1516aa83\" data-element_type=\"widget\" data-e-type=\"widget\" data-widget_type=\"text-editor.default\">\n\t\t\t\t<div class=\"elementor-widget-container\">\n\t\t\t\t\t\t\t\t\t<p>Nuestros objetivos son:<\/p><ul><li><p>Abrir la escuela a las familias, trabajar para crear un buen ambiente y fomentar la cohesi\u00f3n y la integraci\u00f3n. Queremos que la escuela sea un eje vertebrador, un espacio de participaci\u00f3n en el que los v\u00ednculos se extiendan m\u00e1s all\u00e1 del \u00e1mbito escolar.<\/p><\/li><li><p>Incentivar la participaci\u00f3n de las familias trav\u00e9s de un ambiente l\u00fadico. Animar a todo el mundo a participar en las fiestas, ya sea realizando trabajos voluntarios para la organizaci\u00f3n o bien, simplemente, participando en el acto.<\/p><\/li><li><p>Dar a conocer las fiestas populares aut\u00f3ctonas, y transmitir sus valores y or\u00edgenes.<\/p><\/li><li><p>Conocer las diversas culturas que conviven en nuestro colegio e integrar-las en todos los actos que desarrollamos durante el curso escolar.<\/p><\/li><li><p>Utilizar un espacio de relaci\u00f3n informal para involucrar y hacer participar a las familias en el proyecto escolar.<\/p><\/li><\/ul><p>Durante el curso escolar y en horario no lectivo organizamos diversas actividades como por ejemplo:<\/p><ul><li><p><span style=\"background-color: transparent; color: var( --e-global-color-text ); font-family: var( --e-global-typography-text-font-family ), Sans-serif; font-weight: var( --e-global-typography-text-font-weight );\">Fiesta de inicio de curso<\/span><\/p><\/li><li><p><span style=\"background-color: transparent; color: var( --e-global-color-text ); font-family: var( --e-global-typography-text-font-family ), Sans-serif; font-weight: var( --e-global-typography-text-font-weight );\">Fiesta de la Casta\u00f1ada<\/span><\/p><\/li><li><p>Fiesta de Navidad<\/p><\/li><li><p>Fiesta de Carnaval<\/p><\/li><li><p>Festa de primavera (butifarrada)<\/p><\/li><li><p><span style=\"background-color: transparent; color: var( --e-global-color-text ); font-family: var( --e-global-typography-text-font-family ), Sans-serif; font-weight: var( --e-global-typography-text-font-weight );\">Fiesta de fin de curso<\/span><\/p><\/li><\/ul>\t\t\t\t\t\t\t\t<\/div>\n\t\t\t\t<\/div>\n\t\t\t\t<div class=\"elementor-element elementor-element-6922f2c elementor-widget elementor-widget-heading\" data-id=\"6922f2c\" data-element_type=\"widget\" data-e-type=\"widget\" data-widget_type=\"heading.default\">\n\t\t\t\t<div class=\"elementor-widget-container\">\n\t\t\t\t\t<h2 class=\"elementor-heading-title elementor-size-default\">Contacto<\/h2>\t\t\t\t<\/div>\n\t\t\t\t<\/div>\n\t\t\t\t<div class=\"elementor-element elementor-element-58b4b5f4 elementor-widget elementor-widget-text-editor\" data-id=\"58b4b5f4\" data-element_type=\"widget\" data-e-type=\"widget\" data-widget_type=\"text-editor.default\">\n\t\t\t\t<div class=\"elementor-widget-container\">\n\t\t\t\t\t\t\t\t\t<p>Si quer\u00e9is participar en la comisi\u00f3n, ten\u00e9is alguna propuesta o quer\u00e9is resolver alguna duda, enviadnos un mail a <a href=\"mailto:afa@afapaucasalshorta.cat\">afa@afapaucasalshorta.cat<\/a>.<\/p><p>\u00a1Os estamos esperando!<\/p>\t\t\t\t\t\t\t\t<\/div>\n\t\t\t\t<\/div>\n\t\t\t\t\t<\/div>\n\t\t<\/div>\n\t\t\t\t\t<\/div>\n\t\t<\/section>\n\t\t\t\t<\/div>","protected":false},"excerpt":{"rendered":"<p>Comissi\u00f3 de festes Qui som? Anna Matute Angela Hern\u00e1ndez Marc Pamies Miriam Cort\u00e9s Qu\u00e8 fem? Els nostres objectius s\u00f3n: Obrir l\u2019escola a les fam\u00edlies, treballar per crear un bon ambient i fomentar la cohesi\u00f3 i la integraci\u00f3. Volem que l\u2019escola sigui un eix vertebrador, un espai de participaci\u00f3 en el que els vincles s\u2019arribin a [&hellip;]<\/p>\n","protected":false},"author":1,"featured_media":112,"parent":0,"menu_order":0,"comment_status":"closed","ping_status":"closed","template":"","meta":{"_eb_attr":"","_monsterinsights_skip_tracking":false,"_monsterinsights_sitenote_active":false,"_monsterinsights_sitenote_note":"","_monsterinsights_sitenote_category":0,"footnotes":""},"class_list":["post-61","page","type-page","status-publish","has-post-thumbnail","hentry"],"_links":{"self":[{"href":"https:\/\/www.afapaucasalshorta.cat\/es\/wp-json\/wp\/v2\/pages\/61","targetHints":{"allow":["GET"]}}],"collection":[{"href":"https:\/\/www.afapaucasalshorta.cat\/es\/wp-json\/wp\/v2\/pages"}],"about":[{"href":"https:\/\/www.afapaucasalshorta.cat\/es\/wp-json\/wp\/v2\/types\/page"}],"author":[{"embeddable":true,"href":"https:\/\/www.afapaucasalshorta.cat\/es\/wp-json\/wp\/v2\/users\/1"}],"replies":[{"embeddable":true,"href":"https:\/\/www.afapaucasalshorta.cat\/es\/wp-json\/wp\/v2\/comments?post=61"}],"version-history":[{"count":92,"href":"https:\/\/www.afapaucasalshorta.cat\/es\/wp-json\/wp\/v2\/pages\/61\/revisions"}],"predecessor-version":[{"id":15041,"href":"https:\/\/www.afapaucasalshorta.cat\/es\/wp-json\/wp\/v2\/pages\/61\/revisions\/15041"}],"wp:featuredmedia":[{"embeddable":true,"href":"https:\/\/www.afapaucasalshorta.cat\/es\/wp-json\/wp\/v2\/media\/112"}],"wp:attachment":[{"href":"https:\/\/www.afapaucasalshorta.cat\/es\/wp-json\/wp\/v2\/media?parent=61"}],"curies":[{"name":"wp","href":"https:\/\/api.w.org\/{rel}","templated":true}]}}