{"id":8326,"date":"2023-04-04T10:49:06","date_gmt":"2023-04-04T08:49:06","guid":{"rendered":"https:\/\/www.afapaucasalshorta.cat\/?page_id=8326"},"modified":"2023-10-06T15:08:12","modified_gmt":"2023-10-06T13:08:12","slug":"millorem-el-pati","status":"publish","type":"page","link":"https:\/\/www.afapaucasalshorta.cat\/es\/millorem-el-pati\/","title":{"rendered":"Mejoremos el patio"},"content":{"rendered":"<div data-elementor-type=\"wp-page\" data-elementor-id=\"8326\" class=\"elementor elementor-8326\">\n\t\t\t\t\t\t<section class=\"elementor-section elementor-top-section elementor-element elementor-element-414e4147 elementor-section-boxed elementor-section-height-default elementor-section-height-default\" data-id=\"414e4147\" data-element_type=\"section\" data-e-type=\"section\">\n\t\t\t\t\t\t<div class=\"elementor-container elementor-column-gap-default\">\n\t\t\t\t\t<div class=\"elementor-column elementor-col-100 elementor-top-column elementor-element elementor-element-78d21af7\" data-id=\"78d21af7\" data-element_type=\"column\" data-e-type=\"column\">\n\t\t\t<div class=\"elementor-widget-wrap elementor-element-populated\">\n\t\t\t\t\t\t\t<\/div>\n\t\t<\/div>\n\t\t\t\t\t<\/div>\n\t\t<\/section>\n\t\t\t\t<section class=\"elementor-section elementor-top-section elementor-element elementor-element-55ba7245 elementor-section-content-middle elementor-section-boxed elementor-section-height-default elementor-section-height-default\" data-id=\"55ba7245\" data-element_type=\"section\" data-e-type=\"section\" data-settings=\"{&quot;background_background&quot;:&quot;classic&quot;}\">\n\t\t\t\t\t\t<div class=\"elementor-container elementor-column-gap-no\">\n\t\t\t\t\t<div class=\"elementor-column elementor-col-100 elementor-top-column elementor-element elementor-element-73eca3e5\" data-id=\"73eca3e5\" data-element_type=\"column\" data-e-type=\"column\" data-settings=\"{&quot;background_background&quot;:&quot;slideshow&quot;,&quot;background_slideshow_gallery&quot;:[],&quot;background_slideshow_loop&quot;:&quot;yes&quot;,&quot;background_slideshow_slide_duration&quot;:5000,&quot;background_slideshow_slide_transition&quot;:&quot;fade&quot;,&quot;background_slideshow_transition_duration&quot;:500}\">\n\t\t\t<div class=\"elementor-widget-wrap\">\n\t\t\t\t\t\t\t<\/div>\n\t\t<\/div>\n\t\t\t\t\t<\/div>\n\t\t<\/section>\n\t\t\t\t<section class=\"elementor-section elementor-top-section elementor-element elementor-element-3c268b34 elementor-section-boxed elementor-section-height-default elementor-section-height-default\" data-id=\"3c268b34\" data-element_type=\"section\" data-e-type=\"section\">\n\t\t\t\t\t\t<div class=\"elementor-container elementor-column-gap-default\">\n\t\t\t\t\t<div class=\"elementor-column elementor-col-100 elementor-top-column elementor-element elementor-element-2add1a88\" data-id=\"2add1a88\" data-element_type=\"column\" data-e-type=\"column\">\n\t\t\t<div class=\"elementor-widget-wrap elementor-element-populated\">\n\t\t\t\t\t\t<div class=\"elementor-element elementor-element-65f64de3 elementor-widget elementor-widget-heading\" data-id=\"65f64de3\" data-element_type=\"widget\" data-e-type=\"widget\" data-widget_type=\"heading.default\">\n\t\t\t\t<div class=\"elementor-widget-container\">\n\t\t\t\t\t<h1 class=\"elementor-heading-title elementor-size-default\">Comisi\u00f3n \"Mejoremos el patio\"<\/h1>\t\t\t\t<\/div>\n\t\t\t\t<\/div>\n\t\t\t\t<div class=\"elementor-element elementor-element-54ba8a5c elementor-widget elementor-widget-heading\" data-id=\"54ba8a5c\" data-element_type=\"widget\" data-e-type=\"widget\" data-widget_type=\"heading.default\">\n\t\t\t\t<div class=\"elementor-widget-container\">\n\t\t\t\t\t<h2 class=\"elementor-heading-title elementor-size-default\">\u00bfQui\u00e9nes somos?<\/h2>\t\t\t\t<\/div>\n\t\t\t\t<\/div>\n\t\t\t\t<section class=\"elementor-section elementor-inner-section elementor-element elementor-element-b50a10a elementor-section-boxed elementor-section-height-default elementor-section-height-default\" data-id=\"b50a10a\" data-element_type=\"section\" data-e-type=\"section\" data-settings=\"{&quot;animation&quot;:&quot;none&quot;}\">\n\t\t\t\t\t\t<div class=\"elementor-container elementor-column-gap-wide\">\n\t\t\t\t\t<div class=\"elementor-column elementor-col-50 elementor-inner-column elementor-element elementor-element-8371d41\" data-id=\"8371d41\" data-element_type=\"column\" data-e-type=\"column\">\n\t\t\t<div class=\"elementor-widget-wrap elementor-element-populated\">\n\t\t\t\t\t\t<div class=\"elementor-element elementor-element-b357910 elementor-widget__width-initial elementor-widget elementor-widget-image\" data-id=\"b357910\" data-element_type=\"widget\" data-e-type=\"widget\" data-widget_type=\"image.default\">\n\t\t\t\t<div class=\"elementor-widget-container\">\n\t\t\t\t\t\t\t\t\t\t\t\t\t\t\t<img decoding=\"async\" width=\"181\" height=\"182\" src=\"https:\/\/www.afapaucasalshorta.cat\/wp-content\/uploads\/2023\/10\/boto_patis.png\" class=\"attachment-medium_large size-medium_large wp-image-12376\" alt=\"\" srcset=\"https:\/\/www.afapaucasalshorta.cat\/wp-content\/uploads\/2023\/10\/boto_patis.png 181w, https:\/\/www.afapaucasalshorta.cat\/wp-content\/uploads\/2023\/10\/boto_patis-150x150.png 150w, https:\/\/www.afapaucasalshorta.cat\/wp-content\/uploads\/2023\/10\/boto_patis-12x12.png 12w\" sizes=\"(max-width: 181px) 100vw, 181px\" \/>\t\t\t\t\t\t\t\t\t\t\t\t\t\t\t<\/div>\n\t\t\t\t<\/div>\n\t\t\t\t\t<\/div>\n\t\t<\/div>\n\t\t\t\t<div class=\"elementor-column elementor-col-50 elementor-inner-column elementor-element elementor-element-6ebeb2f\" data-id=\"6ebeb2f\" data-element_type=\"column\" data-e-type=\"column\">\n\t\t\t<div class=\"elementor-widget-wrap elementor-element-populated\">\n\t\t\t\t\t\t<div class=\"elementor-element elementor-element-31869ff elementor-widget elementor-widget-text-editor\" data-id=\"31869ff\" data-element_type=\"widget\" data-e-type=\"widget\" data-widget_type=\"text-editor.default\">\n\t\t\t\t<div class=\"elementor-widget-container\">\n\t\t\t\t\t\t\t\t\t<p style=\"text-align: left;\">Elena\u00a0 Quintanilla<\/p><p style=\"text-align: left;\">Luc\u00eda Serrano<\/p><p style=\"text-align: left;\">Elena Lacort<\/p>\t\t\t\t\t\t\t\t<\/div>\n\t\t\t\t<\/div>\n\t\t\t\t\t<\/div>\n\t\t<\/div>\n\t\t\t\t\t<\/div>\n\t\t<\/section>\n\t\t\t\t<div class=\"elementor-element elementor-element-acb72d6 elementor-widget elementor-widget-text-editor\" data-id=\"acb72d6\" data-element_type=\"widget\" data-e-type=\"widget\" data-widget_type=\"text-editor.default\">\n\t\t\t\t<div class=\"elementor-widget-container\">\n\t\t\t\t\t\t\t\t\t<p class=\"MsoNormal\"><span lang=\"CA\">La comisi\u00f3n est\u00e1 formada por familias preocupades por la salud de nuestras hijas e hijos y queremos <strong>proponer mejoras en los diversos espacios del patio del colegio<\/strong>, para conseguir un entorno <b>m\u00e1s <\/b><strong>natural, verde, jugable, inclusivo y coeducativo<\/strong>.<\/span><\/p>\t\t\t\t\t\t\t\t<\/div>\n\t\t\t\t<\/div>\n\t\t\t\t<div class=\"elementor-element elementor-element-3a00a01d elementor-widget elementor-widget-heading\" data-id=\"3a00a01d\" data-element_type=\"widget\" data-e-type=\"widget\" data-widget_type=\"heading.default\">\n\t\t\t\t<div class=\"elementor-widget-container\">\n\t\t\t\t\t<h2 class=\"elementor-heading-title elementor-size-default\">\u00bfQu\u00e9 hacemos?<\/h2>\t\t\t\t<\/div>\n\t\t\t\t<\/div>\n\t\t\t\t<div class=\"elementor-element elementor-element-2bcd86b4 elementor-widget elementor-widget-text-editor\" data-id=\"2bcd86b4\" data-element_type=\"widget\" data-e-type=\"widget\" data-widget_type=\"text-editor.default\">\n\t\t\t\t<div class=\"elementor-widget-container\">\n\t\t\t\t\t\t\t\t\t<p style=\"text-align: justify;\"><span lang=\"CA\">Sab\u00edais<strong> que els arbres poden crear una diferencia de 2-3\u00a0\u00b0C durant el\u00a0dia<\/strong>, en comparaci\u00f3n a las zonas que no tienen? Los \u00e1rboles generan un efecto refrescante y mejoran la sensaci\u00f3n t\u00e9rmica en las zonas urbanas.<\/span><\/p><p style=\"text-align: justify;\"><span lang=\"CA\"><span style=\"color: var( --e-global-color-text ); font-family: var( --e-global-typography-text-font-family ), Sans-serif; font-weight: var( --e-global-typography-text-font-weight ); font-size: 1rem;\">Sab\u00edais<\/span><span style=\"color: var( --e-global-color-text ); font-family: var( --e-global-typography-text-font-family ), Sans-serif; font-weight: var( --e-global-typography-text-font-weight ); font-size: 1rem;\">\u00a0<\/span>que un estudio reciente afirma que <strong>que la presencia de vegetaci\u00f3n mejora la salud mental de los ni\u00f1os<\/strong>?<\/span><\/p><p style=\"text-align: justify;\"><span lang=\"CA\"><span style=\"color: var( --e-global-color-text ); font-family: var( --e-global-typography-text-font-family ), Sans-serif; font-weight: var( --e-global-typography-text-font-weight ); font-size: 1rem;\">Sab\u00edais<\/span><span style=\"color: var( --e-global-color-text ); font-family: var( --e-global-typography-text-font-family ), Sans-serif; font-weight: var( --e-global-typography-text-font-weight ); font-size: 1rem;\">\u00a0<\/span>que <strong>cada a\u00f1o tenemos temperaturas m\u00e1s altas en verano y m\u00e1s olas de calor<\/strong>? <\/span><\/p><p style=\"text-align: justify;\"><span lang=\"CA\">Por todos estos motivos <strong>es necesario tener m\u00e1s \u00e1rboles que den mucha sombra<\/strong>: mejor si son <strong>caducifolios de hojas grandes<\/strong> o bien de <strong>hoja peque\u00f1a con dosel abierto<\/strong>. Tambi\u00e9n necesitamos <strong>toldos y p\u00e9rgolas<\/strong> que den sombra en los espacios m\u00e1s soleados de nuestro patio. Finalmente, es necesario <strong>minimizar las superficies pavimentadas<\/strong> y usar materiales de pavimentaci\u00f3n frescos y\/o de albedo alto, con el objetivo de reflejar el calor.<\/span><\/p><p style=\"text-align: justify;\"><span lang=\"CA\">La <strong>comisi\u00f3n \u201cTransformemos los patios\"<\/strong> propone mejorar el confort t\u00e9rmico y la salud en la escuela, porque cada har\u00e1 m\u00e1s calor, empezar\u00e1 m\u00e1s pronto i ser\u00e1 m\u00e1s intensa. Nuestros hijos e hijas necesitan <strong>espacios de recreo confortables, pero tambi\u00e9n inclusivos, jugables y coeducativos<\/strong>. Por estas razones, tambi\u00e9n pedimos <strong>estructuras de juego<\/strong> sostenibles y adecuadas para cada edad.<\/span><\/p><p style=\"text-align: justify;\"><span style=\"color: var( --e-global-color-text ); font-family: var( --e-global-typography-text-font-family ), Sans-serif; font-weight: var( --e-global-typography-text-font-weight ); font-size: 1rem;\">El proyecto que os presentamos defiende <strong>un patio m\u00e1s verde, saludable y confortable, y al mismo tiempo, m\u00e1s inclusivo, jugable y coeducativo<\/strong>. En el siguiente v\u00eddeo os mostramos las mejoras que queremos para transformar la pista, el patio de ciclo inicial y el de infantil:<\/span><\/p>\t\t\t\t\t\t\t\t<\/div>\n\t\t\t\t<\/div>\n\t\t\t\t<div class=\"elementor-element elementor-element-b551c10 elementor-widget elementor-widget-video\" data-id=\"b551c10\" data-element_type=\"widget\" data-e-type=\"widget\" data-settings=\"{&quot;youtube_url&quot;:&quot;https:\\\/\\\/youtu.be\\\/hMBLafDwCnU&quot;,&quot;video_type&quot;:&quot;youtube&quot;,&quot;controls&quot;:&quot;yes&quot;}\" data-widget_type=\"video.default\">\n\t\t\t\t<div class=\"elementor-widget-container\">\n\t\t\t\t\t\t\t<div class=\"elementor-wrapper elementor-open-inline\">\n\t\t\t<div class=\"elementor-video\"><\/div>\t\t<\/div>\n\t\t\t\t\t\t<\/div>\n\t\t\t\t<\/div>\n\t\t\t\t<div class=\"elementor-element elementor-element-8753c1f elementor-widget elementor-widget-text-editor\" data-id=\"8753c1f\" data-element_type=\"widget\" data-e-type=\"widget\" data-widget_type=\"text-editor.default\">\n\t\t\t\t<div class=\"elementor-widget-container\">\n\t\t\t\t\t\t\t\t\t<h5 class=\"MsoNormal\" style=\"text-align: justify;\"><span lang=\"CA\">\u00a1Entre todas y todos lo haremos posible!<\/span><\/h5>\t\t\t\t\t\t\t\t<\/div>\n\t\t\t\t<\/div>\n\t\t\t\t<div class=\"elementor-element elementor-element-313dc551 elementor-widget elementor-widget-heading\" data-id=\"313dc551\" data-element_type=\"widget\" data-e-type=\"widget\" data-widget_type=\"heading.default\">\n\t\t\t\t<div class=\"elementor-widget-container\">\n\t\t\t\t\t<h2 class=\"elementor-heading-title elementor-size-default\">Contacto<\/h2>\t\t\t\t<\/div>\n\t\t\t\t<\/div>\n\t\t\t\t<div class=\"elementor-element elementor-element-165d9fd elementor-widget elementor-widget-text-editor\" data-id=\"165d9fd\" data-element_type=\"widget\" data-e-type=\"widget\" data-widget_type=\"text-editor.default\">\n\t\t\t\t<div class=\"elementor-widget-container\">\n\t\t\t\t\t\t\t\t\t<p>Si quer\u00e9is participar en la comisi\u00f3n, ten\u00e9is alguna propuesta o quer\u00e9is resolver alguna duda, enviadnos un mail a <a href=\"mailto:afa@afapaucasalshorta.cat\">afa@afapaucasalshorta.cat<\/a>.<\/p><p>\u00a1Os estamos esperando!<\/p>\t\t\t\t\t\t\t\t<\/div>\n\t\t\t\t<\/div>\n\t\t\t\t\t<\/div>\n\t\t<\/div>\n\t\t\t\t\t<\/div>\n\t\t<\/section>\n\t\t\t\t<\/div>","protected":false},"excerpt":{"rendered":"<p>Comissi\u00f3 &#8220;Millorem el pati&#8221; Qui som? Elena\u00a0 Quintanilla Luc\u00eda Serrano Elena Lacort La comissi\u00f3 est\u00e0 formada per fam\u00edlies preocupades per la salut dels nostres infants i volem proposar millores als diferents espais del nostre pati, per tal de fer-lo m\u00e9s natural, verd, saludable, jugable, inclusiu i coeducatiu. Qu\u00e8 fem? Sab\u00edeu que els arbres poden crear [&hellip;]<\/p>\n","protected":false},"author":3,"featured_media":0,"parent":0,"menu_order":0,"comment_status":"closed","ping_status":"closed","template":"","meta":{"_eb_attr":"","_monsterinsights_skip_tracking":false,"_monsterinsights_sitenote_active":false,"_monsterinsights_sitenote_note":"","_monsterinsights_sitenote_category":0,"footnotes":""},"class_list":["post-8326","page","type-page","status-publish","hentry"],"_links":{"self":[{"href":"https:\/\/www.afapaucasalshorta.cat\/es\/wp-json\/wp\/v2\/pages\/8326","targetHints":{"allow":["GET"]}}],"collection":[{"href":"https:\/\/www.afapaucasalshorta.cat\/es\/wp-json\/wp\/v2\/pages"}],"about":[{"href":"https:\/\/www.afapaucasalshorta.cat\/es\/wp-json\/wp\/v2\/types\/page"}],"author":[{"embeddable":true,"href":"https:\/\/www.afapaucasalshorta.cat\/es\/wp-json\/wp\/v2\/users\/3"}],"replies":[{"embeddable":true,"href":"https:\/\/www.afapaucasalshorta.cat\/es\/wp-json\/wp\/v2\/comments?post=8326"}],"version-history":[{"count":52,"href":"https:\/\/www.afapaucasalshorta.cat\/es\/wp-json\/wp\/v2\/pages\/8326\/revisions"}],"predecessor-version":[{"id":12465,"href":"https:\/\/www.afapaucasalshorta.cat\/es\/wp-json\/wp\/v2\/pages\/8326\/revisions\/12465"}],"wp:attachment":[{"href":"https:\/\/www.afapaucasalshorta.cat\/es\/wp-json\/wp\/v2\/media?parent=8326"}],"curies":[{"name":"wp","href":"https:\/\/api.w.org\/{rel}","templated":true}]}}